{"id":1222,"date":"2024-12-18T02:29:20","date_gmt":"2024-12-18T02:29:20","guid":{"rendered":"https:\/\/batiakfilms.com\/?page_id=1222"},"modified":"2026-04-27T07:58:47","modified_gmt":"2026-04-27T07:58:47","slug":"11-underground","status":"publish","type":"page","link":"https:\/\/batiakfilms.com\/index.php\/11-underground\/","title":{"rendered":"11 UNDERGROUND"},"content":{"rendered":"<div class=\"wpb-content-wrapper\"><p>[vc_row dfd_row_config=\u00bbfull_width_content\u00bb][vc_column column_bg_check=\u00bbcolumn-background-dark\u00bb col_shadow=\u00bbbox_shadow_enable:disable|shadow_horizontal:0|shadow_vertical:15|shadow_blur:50|shadow_spread:0|box_shadow_color:rgba(0%2C0%2C0%2C0.35)\u00bb col_shadow_hover=\u00bbbox_shadow_enable:disable|shadow_horizontal:0|shadow_vertical:15|shadow_blur:50|shadow_spread:0|box_shadow_color:rgba(0%2C0%2C0%2C0.35)\u00bb col_hover_bg=\u00bb#000000&#8243; css=\u00bb.vc_custom_1734318552444{padding-bottom: 100px !important;background-color: #000000 !important;}\u00bb offset=\u00bbvc_hidden-md vc_hidden-sm vc_hidden-xs\u00bb][\/vc_column][\/vc_row][vc_row disable_element=\u00bbyes\u00bb css=\u00bb.vc_custom_1734489334840{background-color: #000000 !important;}\u00bb][vc_column width=\u00bb1\/6&#8243; col_shadow=\u00bbbox_shadow_enable:disable|shadow_horizontal:0|shadow_vertical:15|shadow_blur:50|shadow_spread:0|box_shadow_color:rgba(0%2C0%2C0%2C0.35)\u00bb col_shadow_hover=\u00bbbox_shadow_enable:disable|shadow_horizontal:0|shadow_vertical:15|shadow_blur:50|shadow_spread:0|box_shadow_color:rgba(0%2C0%2C0%2C0.35)\u00bb css=\u00bb.vc_custom_1734311725272{background-color: #000000 !important;}\u00bb][\/vc_column][vc_column width=\u00bb2\/3&#8243; col_shadow=\u00bbbox_shadow_enable:disable|shadow_horizontal:0|shadow_vertical:15|shadow_blur:50|shadow_spread:0|box_shadow_color:rgba(0%2C0%2C0%2C0.35)\u00bb col_shadow_hover=\u00bbbox_shadow_enable:disable|shadow_horizontal:0|shadow_vertical:15|shadow_blur:50|shadow_spread:0|box_shadow_color:rgba(0%2C0%2C0%2C0.35)\u00bb][dfd_videoplayer shadow=\u00bbpermanent\u00bb video_link=\u00bbhttps:\/\/www.youtube.com\/watch?v=KNCuWF2MTtE\u00bb main_style=\u00bbstyle-1&#8243;][\/vc_column][vc_column width=\u00bb1\/6&#8243; col_shadow=\u00bbbox_shadow_enable:disable|shadow_horizontal:0|shadow_vertical:15|shadow_blur:50|shadow_spread:0|box_shadow_color:rgba(0%2C0%2C0%2C0.35)\u00bb col_shadow_hover=\u00bbbox_shadow_enable:disable|shadow_horizontal:0|shadow_vertical:15|shadow_blur:50|shadow_spread:0|box_shadow_color:rgba(0%2C0%2C0%2C0.35)\u00bb css=\u00bb.vc_custom_1734311732952{background-color: #000000 !important;}\u00bb][\/vc_column][\/vc_row][vc_row][vc_column][dfd_spacer screen_wide_spacer_size=\u00bb20&#8243; screen_normal_resolution=\u00bb1024&#8243; screen_tablet_resolution=\u00bb800&#8243; screen_mobile_resolution=\u00bb480&#8243;][\/vc_column][\/vc_row][vc_row dfd_row_responsive_enable=\u00bbdfd-row-responsive-enable\u00bb][vc_column width=\u00bb1\/12&#8243; dfd_column_responsive_enable=\u00bbdfd-column-responsive-enable\u00bb col_shadow=\u00bbbox_shadow_enable:disable|shadow_horizontal:0|shadow_vertical:15|shadow_blur:50|shadow_spread:0|box_shadow_color:rgba(0%2C0%2C0%2C0.35)\u00bb col_shadow_hover=\u00bbbox_shadow_enable:disable|shadow_horizontal:0|shadow_vertical:15|shadow_blur:50|shadow_spread:0|box_shadow_color:rgba(0%2C0%2C0%2C0.35)\u00bb offset=\u00bbvc_hidden-md vc_hidden-sm vc_hidden-xs\u00bb responsive_styles=\u00bbmargin_bottom_mobile:20&#8243;][\/vc_column][vc_column width=\u00bb1\/4&#8243; dfd_column_responsive_enable=\u00bbdfd-column-responsive-enable\u00bb col_shadow=\u00bbbox_shadow_enable:disable|shadow_horizontal:0|shadow_vertical:15|shadow_blur:50|shadow_spread:0|box_shadow_color:rgba(0%2C0%2C0%2C0.35)\u00bb col_shadow_hover=\u00bbbox_shadow_enable:disable|shadow_horizontal:0|shadow_vertical:15|shadow_blur:50|shadow_spread:0|box_shadow_color:rgba(0%2C0%2C0%2C0.35)\u00bb responsive_styles=\u00bbmargin_left_desktop:20|margin_left_tablet:20|margin_left_mobile:0&#8243;][dfd_spacer screen_wide_spacer_size=\u00bb50&#8243; screen_normal_resolution=\u00bb1024&#8243; screen_tablet_resolution=\u00bb800&#8243; screen_mobile_resolution=\u00bb480&#8243; screen_mobile_spacer_size=\u00bb0&#8243;][dfd_single_image image_alignment=\u00bbimage-right\u00bb image=\u00bb1434&#8243;][dfd_spacer screen_wide_spacer_size=\u00bb20&#8243; screen_normal_resolution=\u00bb1024&#8243; screen_tablet_resolution=\u00bb800&#8243; screen_mobile_resolution=\u00bb480&#8243;][\/vc_column][vc_column width=\u00bb7\/12&#8243; col_shadow=\u00bbbox_shadow_enable:disable|shadow_horizontal:0|shadow_vertical:15|shadow_blur:50|shadow_spread:0|box_shadow_color:rgba(0%2C0%2C0%2C0.35)\u00bb col_shadow_hover=\u00bbbox_shadow_enable:disable|shadow_horizontal:0|shadow_vertical:15|shadow_blur:50|shadow_spread:0|box_shadow_color:rgba(0%2C0%2C0%2C0.35)\u00bb css=\u00bb.vc_custom_1734317946025{margin-left: 20px !important;}\u00bb][dfd_heading subtitle=\u00bb\u00bb enable_delimiter=\u00bb\u00bb title_font_options=\u00bbtag:h1|font_size:50&#8243; subtitle_font_options=\u00bbtag:div\u00bb title_responsive=\u00bbfont_size_tablet:50|line_height_tablet:35|font_size_mobile:35|line_height_mobile:35&#8243;]11 UNDERGROUND[\/dfd_heading][dfd_spacer screen_wide_spacer_size=\u00bb10&#8243; screen_normal_resolution=\u00bb1024&#8243; screen_tablet_resolution=\u00bb800&#8243; screen_mobile_resolution=\u00bb480&#8243;][dfd_heading subtitle=\u00bb\u00bb content_alignment=\u00bbtext-left\u00bb enable_delimiter=\u00bb\u00bb title_font_options=\u00bbtag:div|font_size:20|font_family:AcuminProWideMedium|color:%23000000|line_height:32&#8243; subtitle_font_options=\u00bbtag:div\u00bb title_responsive=\u00bbfont_size_mobile:15|line_height_mobile:22&#8243; el_class=\u00bbpeso500&#8243; tutorials=\u00bb\u00bb]<strong>DIRECCI\u00d3N<\/strong>: Chico Pereira<br \/>\n<strong>GUION<\/strong>: Chico Pereira &amp; Kaarle Aho<br \/>\n<strong>PRODUCCI\u00d3N<\/strong>: Kaarle Aho, Kai Nordberg, Clara Santaolaya, Milana Christitch, Andrea Stanoeva &amp; Tonislav Hristov<br \/>\n<strong>DOP<\/strong>: Julian Schwanitz<br \/>\n<strong>DISE\u00d1O DE SONIDO<\/strong>: Kinane Moualla<br \/>\n<strong>EDICI\u00d3N<\/strong>: Okku Nuutilainen &amp; Nick Gibbon<br \/>\n<strong>BSO<\/strong>: Petar Dundakov<\/p>\n<p><strong>SINOPSIS:<\/strong><br \/>\nLo que comienza como un homenaje al pasado, pronto se torna en un movimiento social a trav\u00e9s del cual una comarca entera reivindica un futuro digno tras el cierre de sus minas. Los 11 j\u00f3venes encerrados atraen a los medios de comunicaci\u00f3n de todo el pa\u00eds. \u00bfLa grabaci\u00f3n de una pel\u00edcula puede convertirse tambi\u00e9n en un movimiento social?<\/p>\n<p>&nbsp;<\/p>\n<p><strong>\/<\/strong>Estreno en DocPoint 2025<strong>\/ <span style=\"font-weight: 400;\">Premiada con el galard\u00f3n a Mejor Documental Nacional<strong>\/<\/strong><\/span><\/strong><\/p>\n<p><strong>\/<\/strong>Seleccionada en <span style=\"font-weight: 400;\">Festival Alcances y premiada a la Mejor Direcci\u00f3n de documental, Festival Rizoma, Workers Unite! Film Festival, Activists Without Borders Film Festival y premiada con el Social Impact Award, Tampere Film Festival, Peloponnisos International Film Festival, premiada con el galard\u00f3n<\/span> Best Practice Research Award por The British Association of Film, Television and Screen Studies Awards (BAFTSS) y con el premio Social Impact Award en el Activists Without Border Film Festival, adem\u00e1s de ser nominada a<span style=\"font-weight: 400;\"> Best Ethnographic Film en Orion International Film Festival<strong>\/<\/strong><\/span><\/p>\n<p><strong><img loading=\"lazy\" decoding=\"async\" class=\"alignnone size-large wp-image-1438\" src=\"https:\/\/batiakfilms.com\/wp-content\/uploads\/2025\/11\/laurel-11U-1024x189.png\" alt=\"\" width=\"1024\" height=\"189\" srcset=\"https:\/\/batiakfilms.com\/wp-content\/uploads\/2025\/11\/laurel-11U-1024x189.png 1024w, https:\/\/batiakfilms.com\/wp-content\/uploads\/2025\/11\/laurel-11U-300x55.png 300w, https:\/\/batiakfilms.com\/wp-content\/uploads\/2025\/11\/laurel-11U-768x142.png 768w, https:\/\/batiakfilms.com\/wp-content\/uploads\/2025\/11\/laurel-11U.png 1223w\" sizes=\"auto, (max-width: 1024px) 100vw, 1024px\" \/><\/strong><\/p>\n<p><strong>\/<\/strong>Distribuci\u00f3n y ventas internacionales: Finnish Films Foundatiomn\/ ARTE, YLE &amp; CMM+<strong>\/<\/strong>[\/dfd_heading][\/vc_column][vc_column width=\u00bb1\/12&#8243; col_shadow=\u00bbbox_shadow_enable:disable|shadow_horizontal:0|shadow_vertical:15|shadow_blur:50|shadow_spread:0|box_shadow_color:rgba(0%2C0%2C0%2C0.35)\u00bb col_shadow_hover=\u00bbbox_shadow_enable:disable|shadow_horizontal:0|shadow_vertical:15|shadow_blur:50|shadow_spread:0|box_shadow_color:rgba(0%2C0%2C0%2C0.35)\u00bb offset=\u00bbvc_hidden-lg vc_hidden-md vc_hidden-sm\u00bb][\/vc_column][\/vc_row][vc_row][vc_column][dfd_spacer screen_wide_spacer_size=\u00bb20&#8243; screen_normal_resolution=\u00bb1024&#8243; screen_tablet_resolution=\u00bb800&#8243; screen_mobile_resolution=\u00bb480&#8243;][\/vc_column][\/vc_row]<\/p>\n<\/div>","protected":false},"excerpt":{"rendered":"<p>[vc_row dfd_row_config=\u00bbfull_width_content\u00bb][vc_column column_bg_check=\u00bbcolumn-background-dark\u00bb col_shadow=\u00bbbox_shadow_enable:disable|shadow_horizontal:0|shadow_vertical:15|shadow_blur:50|shadow_spread:0|box_shadow_color:rgba(0%2C0%2C0%2C0.35)\u00bb col_shadow_hover=\u00bbbox_shadow_enable:disable|shadow_horizontal:0|shadow_vertical:15|shadow_blur:50|shadow_spread:0|box_shadow_color:rgba(0%2C0%2C0%2C0.35)\u00bb col_hover_bg=\u00bb#000000&#8243; css=\u00bb.vc_custom_1734318552444{padding-bottom: 100px !important;background-color: #000000 !important;}\u00bb offset=\u00bbvc_hidden-md vc_hidden-sm vc_hidden-xs\u00bb][\/vc_column][\/vc_row][vc_row disable_element=\u00bbyes\u00bb css=\u00bb.vc_custom_1734489334840{background-color: #000000 !important;}\u00bb][vc_column width=\u00bb1\/6&#8243; col_shadow=\u00bbbox_shadow_enable:disable|shadow_horizontal:0|shadow_vertical:15|shadow_blur:50|shadow_spread:0|box_shadow_color:rgba(0%2C0%2C0%2C0.35)\u00bb col_shadow_hover=\u00bbbox_shadow_enable:disable|shadow_horizontal:0|shadow_vertical:15|shadow_blur:50|shadow_spread:0|box_shadow_color:rgba(0%2C0%2C0%2C0.35)\u00bb css=\u00bb.vc_custom_1734311725272{background-color: #000000 !important;}\u00bb][\/vc_column][vc_column width=\u00bb2\/3&#8243; col_shadow=\u00bbbox_shadow_enable:disable|shadow_horizontal:0|shadow_vertical:15|shadow_blur:50|shadow_spread:0|box_shadow_color:rgba(0%2C0%2C0%2C0.35)\u00bb col_shadow_hover=\u00bbbox_shadow_enable:disable|shadow_horizontal:0|shadow_vertical:15|shadow_blur:50|shadow_spread:0|box_shadow_color:rgba(0%2C0%2C0%2C0.35)\u00bb][dfd_videoplayer shadow=\u00bbpermanent\u00bb video_link=\u00bbhttps:\/\/www.youtube.com\/watch?v=KNCuWF2MTtE\u00bb main_style=\u00bbstyle-1&#8243;][\/vc_column][vc_column<\/p>\n","protected":false},"author":1,"featured_media":0,"parent":0,"menu_order":0,"comment_status":"closed","ping_status":"closed","template":"tmp-page.php","meta":{"footnotes":""},"class_list":["post-1222","page","type-page","status-publish","hentry"],"_links":{"self":[{"href":"https:\/\/batiakfilms.com\/index.php\/wp-json\/wp\/v2\/pages\/1222","targetHints":{"allow":["GET"]}}],"collection":[{"href":"https:\/\/batiakfilms.com\/index.php\/wp-json\/wp\/v2\/pages"}],"about":[{"href":"https:\/\/batiakfilms.com\/index.php\/wp-json\/wp\/v2\/types\/page"}],"author":[{"embeddable":true,"href":"https:\/\/batiakfilms.com\/index.php\/wp-json\/wp\/v2\/users\/1"}],"replies":[{"embeddable":true,"href":"https:\/\/batiakfilms.com\/index.php\/wp-json\/wp\/v2\/comments?post=1222"}],"version-history":[{"count":18,"href":"https:\/\/batiakfilms.com\/index.php\/wp-json\/wp\/v2\/pages\/1222\/revisions"}],"predecessor-version":[{"id":1506,"href":"https:\/\/batiakfilms.com\/index.php\/wp-json\/wp\/v2\/pages\/1222\/revisions\/1506"}],"wp:attachment":[{"href":"https:\/\/batiakfilms.com\/index.php\/wp-json\/wp\/v2\/media?parent=1222"}],"curies":[{"name":"wp","href":"https:\/\/api.w.org\/{rel}","templated":true}]}}