{"id":1268,"date":"2024-12-19T00:57:08","date_gmt":"2024-12-19T00:57:08","guid":{"rendered":"https:\/\/batiakfilms.com\/?page_id=1268"},"modified":"2026-04-27T08:00:22","modified_gmt":"2026-04-27T08:00:22","slug":"kokuhaku","status":"publish","type":"page","link":"https:\/\/batiakfilms.com\/index.php\/kokuhaku\/","title":{"rendered":"KOKUHAKU"},"content":{"rendered":"<div class=\"wpb-content-wrapper\"><p>[vc_row dfd_row_config=\u00bbfull_width_content\u00bb][vc_column column_bg_check=\u00bbcolumn-background-dark\u00bb col_shadow=\u00bbbox_shadow_enable:disable|shadow_horizontal:0|shadow_vertical:15|shadow_blur:50|shadow_spread:0|box_shadow_color:rgba(0%2C0%2C0%2C0.35)\u00bb col_shadow_hover=\u00bbbox_shadow_enable:disable|shadow_horizontal:0|shadow_vertical:15|shadow_blur:50|shadow_spread:0|box_shadow_color:rgba(0%2C0%2C0%2C0.35)\u00bb col_hover_bg=\u00bb#000000&#8243; css=\u00bb.vc_custom_1734318552444{padding-bottom: 100px !important;background-color: #000000 !important;}\u00bb offset=\u00bbvc_hidden-md vc_hidden-sm vc_hidden-xs\u00bb][\/vc_column][\/vc_row][vc_row css=\u00bb.vc_custom_1734311779484{background-color: #000000 !important;}\u00bb][vc_column width=\u00bb1\/6&#8243; col_shadow=\u00bbbox_shadow_enable:disable|shadow_horizontal:0|shadow_vertical:15|shadow_blur:50|shadow_spread:0|box_shadow_color:rgba(0%2C0%2C0%2C0.35)\u00bb col_shadow_hover=\u00bbbox_shadow_enable:disable|shadow_horizontal:0|shadow_vertical:15|shadow_blur:50|shadow_spread:0|box_shadow_color:rgba(0%2C0%2C0%2C0.35)\u00bb css=\u00bb.vc_custom_1734311725272{background-color: #000000 !important;}\u00bb][\/vc_column][vc_column width=\u00bb2\/3&#8243; col_shadow=\u00bbbox_shadow_enable:disable|shadow_horizontal:0|shadow_vertical:15|shadow_blur:50|shadow_spread:0|box_shadow_color:rgba(0%2C0%2C0%2C0.35)\u00bb col_shadow_hover=\u00bbbox_shadow_enable:disable|shadow_horizontal:0|shadow_vertical:15|shadow_blur:50|shadow_spread:0|box_shadow_color:rgba(0%2C0%2C0%2C0.35)\u00bb][dfd_videoplayer video_link=\u00bbhttps:\/\/vimeo.com\/763493843&#8243; main_style=\u00bbstyle-1&#8243;][\/vc_column][vc_column width=\u00bb1\/6&#8243; col_shadow=\u00bbbox_shadow_enable:disable|shadow_horizontal:0|shadow_vertical:15|shadow_blur:50|shadow_spread:0|box_shadow_color:rgba(0%2C0%2C0%2C0.35)\u00bb col_shadow_hover=\u00bbbox_shadow_enable:disable|shadow_horizontal:0|shadow_vertical:15|shadow_blur:50|shadow_spread:0|box_shadow_color:rgba(0%2C0%2C0%2C0.35)\u00bb css=\u00bb.vc_custom_1734311732952{background-color: #000000 !important;}\u00bb][\/vc_column][\/vc_row][vc_row][vc_column][dfd_spacer screen_wide_spacer_size=\u00bb20&#8243; screen_normal_resolution=\u00bb1024&#8243; screen_tablet_resolution=\u00bb800&#8243; screen_mobile_resolution=\u00bb480&#8243;][\/vc_column][\/vc_row][vc_row dfd_row_responsive_enable=\u00bbdfd-row-responsive-enable\u00bb][vc_column width=\u00bb1\/12&#8243; dfd_column_responsive_enable=\u00bbdfd-column-responsive-enable\u00bb col_shadow=\u00bbbox_shadow_enable:disable|shadow_horizontal:0|shadow_vertical:15|shadow_blur:50|shadow_spread:0|box_shadow_color:rgba(0%2C0%2C0%2C0.35)\u00bb col_shadow_hover=\u00bbbox_shadow_enable:disable|shadow_horizontal:0|shadow_vertical:15|shadow_blur:50|shadow_spread:0|box_shadow_color:rgba(0%2C0%2C0%2C0.35)\u00bb offset=\u00bbvc_hidden-md vc_hidden-sm vc_hidden-xs\u00bb responsive_styles=\u00bbmargin_bottom_mobile:20&#8243;][\/vc_column][vc_column width=\u00bb1\/4&#8243; dfd_column_responsive_enable=\u00bbdfd-column-responsive-enable\u00bb col_shadow=\u00bbbox_shadow_enable:disable|shadow_horizontal:0|shadow_vertical:15|shadow_blur:50|shadow_spread:0|box_shadow_color:rgba(0%2C0%2C0%2C0.35)\u00bb col_shadow_hover=\u00bbbox_shadow_enable:disable|shadow_horizontal:0|shadow_vertical:15|shadow_blur:50|shadow_spread:0|box_shadow_color:rgba(0%2C0%2C0%2C0.35)\u00bb responsive_styles=\u00bbmargin_left_desktop:20|margin_left_tablet:20|margin_left_mobile:0&#8243;][dfd_spacer screen_wide_spacer_size=\u00bb50&#8243; screen_normal_resolution=\u00bb1024&#8243; screen_tablet_resolution=\u00bb800&#8243; screen_mobile_resolution=\u00bb480&#8243; screen_mobile_spacer_size=\u00bb0&#8243;][dfd_single_image image_alignment=\u00bbimage-right\u00bb image=\u00bb1117&#8243;][dfd_spacer screen_wide_spacer_size=\u00bb20&#8243; screen_normal_resolution=\u00bb1024&#8243; screen_tablet_resolution=\u00bb800&#8243; screen_mobile_resolution=\u00bb480&#8243;][\/vc_column][vc_column width=\u00bb7\/12&#8243; col_shadow=\u00bbbox_shadow_enable:disable|shadow_horizontal:0|shadow_vertical:15|shadow_blur:50|shadow_spread:0|box_shadow_color:rgba(0%2C0%2C0%2C0.35)\u00bb col_shadow_hover=\u00bbbox_shadow_enable:disable|shadow_horizontal:0|shadow_vertical:15|shadow_blur:50|shadow_spread:0|box_shadow_color:rgba(0%2C0%2C0%2C0.35)\u00bb css=\u00bb.vc_custom_1734317946025{margin-left: 20px !important;}\u00bb][dfd_heading subtitle=\u00bb\u00bb enable_delimiter=\u00bb\u00bb title_font_options=\u00bbtag:h1|font_size:50&#8243; subtitle_font_options=\u00bbtag:div\u00bb title_responsive=\u00bbfont_size_tablet:50|line_height_tablet:35|font_size_mobile:35|line_height_mobile:35&#8243;]KOKUHAKU[\/dfd_heading][dfd_spacer screen_wide_spacer_size=\u00bb10&#8243; screen_normal_resolution=\u00bb1024&#8243; screen_tablet_resolution=\u00bb800&#8243; screen_mobile_resolution=\u00bb480&#8243;][dfd_heading subtitle=\u00bb\u00bb content_alignment=\u00bbtext-left\u00bb enable_delimiter=\u00bb\u00bb title_font_options=\u00bbtag:div|font_size:20|font_family:AcuminProWideMedium|color:%23000000|line_height:32&#8243; subtitle_font_options=\u00bbtag:div\u00bb title_responsive=\u00bbfont_size_mobile:15|line_height_mobile:22&#8243; el_class=\u00bbpeso500&#8243; tutorials=\u00bb\u00bb]<strong>DIRECCI\u00d3N<\/strong>: Adri\u00e1 Guxens<br \/>\n<strong>GUION<\/strong>: Adri\u00e1 Guxens &amp; Kuni Tomita<br \/>\n<strong>PRODUCCI\u00d3N<\/strong>: Marimar Matas, Guillem Barcel\u00f3 &amp; Llu\u00eds Domingo<br \/>\n<strong>DOP<\/strong>: Irene Manresa<br \/>\n<strong>DIRECCI\u00d3N DE ARTE<\/strong>: Julu Mart\u00ednez<br \/>\n<strong>DISE\u00d1O DE SONIDO<\/strong>: Clara Fornells<br \/>\n<strong>EDICI\u00d3N<\/strong>: Raul Kingtai<br \/>\n<strong>INT\u00c9RPRETES<\/strong>: Kuni Tomita &amp; Zihan Chen<\/p>\n<p><strong>SINOPSIS<\/strong>:<br \/>\nEn el transcurso de una entrevista, Tadashi, un joven actor japon\u00e9s que interpreta a personajes femeninos en una pr\u00e1ctica teatral parecida al <i>kabuki<\/i>, volver\u00e1 al pasado para revivir sus recuerdos m\u00e1s \u00edntimos.<\/p>\n<p>&nbsp;<\/p>\n<p><strong>\/<\/strong>Estreno en Sitges 2024<strong>\/<\/strong><\/p>\n<p><strong>\/<\/strong>Seleccionado <span style=\"font-weight: 400;\">y premiado en m\u00e1s de 60 festivales nacionales e internacionales entre los que destacan <\/span>LesGai, Imagine Film Festival, Festival de Cine de Gijon, <span style=\"font-weight: 400;\">Festival de M\u00e1laga, <\/span><span style=\"font-weight: 400;\">Busan International Short Film Festival<\/span><span style=\"font-weight: 400;\">, <\/span><span style=\"font-weight: 400;\">Festival de Cine de Alicante<\/span><span style=\"font-weight: 400;\">, <\/span><span style=\"font-weight: 400;\">Beijing Queer Film Festival<\/span><span style=\"font-weight: 400;\">, <\/span><span style=\"font-weight: 400;\">Cerdanya Film Festival &amp; <\/span><span style=\"font-weight: 400;\">Seoul Pride International Film Festival entre muchos otros<\/span><strong>\/<\/strong><\/p>\n<p><strong><img loading=\"lazy\" decoding=\"async\" class=\"alignnone size-large wp-image-1446\" src=\"https:\/\/batiakfilms.com\/wp-content\/uploads\/2025\/11\/laurel-kokuhaku2-1024x161.png\" alt=\"\" width=\"1024\" height=\"161\" srcset=\"https:\/\/batiakfilms.com\/wp-content\/uploads\/2025\/11\/laurel-kokuhaku2-1024x161.png 1024w, https:\/\/batiakfilms.com\/wp-content\/uploads\/2025\/11\/laurel-kokuhaku2-300x47.png 300w, https:\/\/batiakfilms.com\/wp-content\/uploads\/2025\/11\/laurel-kokuhaku2-768x121.png 768w, https:\/\/batiakfilms.com\/wp-content\/uploads\/2025\/11\/laurel-kokuhaku2.png 1417w\" sizes=\"auto, (max-width: 1024px) 100vw, 1024px\" \/><\/strong><\/p>\n<p><strong>\/<\/strong>Distribuci\u00f3n: Selected Films<strong>\/<\/strong>[\/dfd_heading][\/vc_column][vc_column width=\u00bb1\/12&#8243; col_shadow=\u00bbbox_shadow_enable:disable|shadow_horizontal:0|shadow_vertical:15|shadow_blur:50|shadow_spread:0|box_shadow_color:rgba(0%2C0%2C0%2C0.35)\u00bb col_shadow_hover=\u00bbbox_shadow_enable:disable|shadow_horizontal:0|shadow_vertical:15|shadow_blur:50|shadow_spread:0|box_shadow_color:rgba(0%2C0%2C0%2C0.35)\u00bb offset=\u00bbvc_hidden-lg vc_hidden-md vc_hidden-sm\u00bb][\/vc_column][\/vc_row][vc_row][vc_column][dfd_spacer screen_wide_spacer_size=\u00bb20&#8243; screen_normal_resolution=\u00bb1024&#8243; screen_tablet_resolution=\u00bb800&#8243; screen_mobile_resolution=\u00bb480&#8243;][\/vc_column][\/vc_row]<\/p>\n<\/div>","protected":false},"excerpt":{"rendered":"<p>[vc_row dfd_row_config=\u00bbfull_width_content\u00bb][vc_column column_bg_check=\u00bbcolumn-background-dark\u00bb col_shadow=\u00bbbox_shadow_enable:disable|shadow_horizontal:0|shadow_vertical:15|shadow_blur:50|shadow_spread:0|box_shadow_color:rgba(0%2C0%2C0%2C0.35)\u00bb col_shadow_hover=\u00bbbox_shadow_enable:disable|shadow_horizontal:0|shadow_vertical:15|shadow_blur:50|shadow_spread:0|box_shadow_color:rgba(0%2C0%2C0%2C0.35)\u00bb col_hover_bg=\u00bb#000000&#8243; css=\u00bb.vc_custom_1734318552444{padding-bottom: 100px !important;background-color: #000000 !important;}\u00bb offset=\u00bbvc_hidden-md vc_hidden-sm vc_hidden-xs\u00bb][\/vc_column][\/vc_row][vc_row css=\u00bb.vc_custom_1734311779484{background-color: #000000 !important;}\u00bb][vc_column width=\u00bb1\/6&#8243; col_shadow=\u00bbbox_shadow_enable:disable|shadow_horizontal:0|shadow_vertical:15|shadow_blur:50|shadow_spread:0|box_shadow_color:rgba(0%2C0%2C0%2C0.35)\u00bb col_shadow_hover=\u00bbbox_shadow_enable:disable|shadow_horizontal:0|shadow_vertical:15|shadow_blur:50|shadow_spread:0|box_shadow_color:rgba(0%2C0%2C0%2C0.35)\u00bb css=\u00bb.vc_custom_1734311725272{background-color: #000000 !important;}\u00bb][\/vc_column][vc_column width=\u00bb2\/3&#8243; col_shadow=\u00bbbox_shadow_enable:disable|shadow_horizontal:0|shadow_vertical:15|shadow_blur:50|shadow_spread:0|box_shadow_color:rgba(0%2C0%2C0%2C0.35)\u00bb col_shadow_hover=\u00bbbox_shadow_enable:disable|shadow_horizontal:0|shadow_vertical:15|shadow_blur:50|shadow_spread:0|box_shadow_color:rgba(0%2C0%2C0%2C0.35)\u00bb][dfd_videoplayer video_link=\u00bbhttps:\/\/vimeo.com\/763493843&#8243; main_style=\u00bbstyle-1&#8243;][\/vc_column][vc_column width=\u00bb1\/6&#8243; col_shadow=\u00bbbox_shadow_enable:disable|shadow_horizontal:0|shadow_vertical:15|shadow_blur:50|shadow_spread:0|box_shadow_color:rgba(0%2C0%2C0%2C0.35)\u00bb<\/p>\n","protected":false},"author":1,"featured_media":0,"parent":0,"menu_order":0,"comment_status":"closed","ping_status":"closed","template":"tmp-page.php","meta":{"footnotes":""},"class_list":["post-1268","page","type-page","status-publish","hentry"],"_links":{"self":[{"href":"https:\/\/batiakfilms.com\/index.php\/wp-json\/wp\/v2\/pages\/1268","targetHints":{"allow":["GET"]}}],"collection":[{"href":"https:\/\/batiakfilms.com\/index.php\/wp-json\/wp\/v2\/pages"}],"about":[{"href":"https:\/\/batiakfilms.com\/index.php\/wp-json\/wp\/v2\/types\/page"}],"author":[{"embeddable":true,"href":"https:\/\/batiakfilms.com\/index.php\/wp-json\/wp\/v2\/users\/1"}],"replies":[{"embeddable":true,"href":"https:\/\/batiakfilms.com\/index.php\/wp-json\/wp\/v2\/comments?post=1268"}],"version-history":[{"count":16,"href":"https:\/\/batiakfilms.com\/index.php\/wp-json\/wp\/v2\/pages\/1268\/revisions"}],"predecessor-version":[{"id":1479,"href":"https:\/\/batiakfilms.com\/index.php\/wp-json\/wp\/v2\/pages\/1268\/revisions\/1479"}],"wp:attachment":[{"href":"https:\/\/batiakfilms.com\/index.php\/wp-json\/wp\/v2\/media?parent=1268"}],"curies":[{"name":"wp","href":"https:\/\/api.w.org\/{rel}","templated":true}]}}