{"id":1299,"date":"2024-12-19T21:41:00","date_gmt":"2024-12-19T21:41:00","guid":{"rendered":"https:\/\/batiakfilms.com\/?page_id=1299"},"modified":"2025-11-10T15:20:35","modified_gmt":"2025-11-10T15:20:35","slug":"perro-viejo","status":"publish","type":"page","link":"https:\/\/batiakfilms.com\/index.php\/perro-viejo\/","title":{"rendered":"PERRO VIEJO"},"content":{"rendered":"<div class=\"wpb-content-wrapper\"><p>[vc_row dfd_row_config=\u00bbfull_width_content\u00bb][vc_column column_bg_check=\u00bbcolumn-background-dark\u00bb col_shadow=\u00bbbox_shadow_enable:disable|shadow_horizontal:0|shadow_vertical:15|shadow_blur:50|shadow_spread:0|box_shadow_color:rgba(0%2C0%2C0%2C0.35)\u00bb col_shadow_hover=\u00bbbox_shadow_enable:disable|shadow_horizontal:0|shadow_vertical:15|shadow_blur:50|shadow_spread:0|box_shadow_color:rgba(0%2C0%2C0%2C0.35)\u00bb col_hover_bg=\u00bb#000000&#8243; css=\u00bb.vc_custom_1734318552444{padding-bottom: 100px !important;background-color: #000000 !important;}\u00bb offset=\u00bbvc_hidden-md vc_hidden-sm vc_hidden-xs\u00bb][\/vc_column][\/vc_row][vc_row css=\u00bb.vc_custom_1734311779484{background-color: #000000 !important;}\u00bb][vc_column width=\u00bb1\/6&#8243; col_shadow=\u00bbbox_shadow_enable:disable|shadow_horizontal:0|shadow_vertical:15|shadow_blur:50|shadow_spread:0|box_shadow_color:rgba(0%2C0%2C0%2C0.35)\u00bb col_shadow_hover=\u00bbbox_shadow_enable:disable|shadow_horizontal:0|shadow_vertical:15|shadow_blur:50|shadow_spread:0|box_shadow_color:rgba(0%2C0%2C0%2C0.35)\u00bb css=\u00bb.vc_custom_1734311725272{background-color: #000000 !important;}\u00bb][\/vc_column][vc_column width=\u00bb2\/3&#8243; col_shadow=\u00bbbox_shadow_enable:disable|shadow_horizontal:0|shadow_vertical:15|shadow_blur:50|shadow_spread:0|box_shadow_color:rgba(0%2C0%2C0%2C0.35)\u00bb col_shadow_hover=\u00bbbox_shadow_enable:disable|shadow_horizontal:0|shadow_vertical:15|shadow_blur:50|shadow_spread:0|box_shadow_color:rgba(0%2C0%2C0%2C0.35)\u00bb][dfd_videoplayer shadow=\u00bbpermanent\u00bb video_link=\u00bb\u00bb main_style=\u00bbstyle-1&#8243;][\/vc_column][vc_column width=\u00bb1\/6&#8243; col_shadow=\u00bbbox_shadow_enable:disable|shadow_horizontal:0|shadow_vertical:15|shadow_blur:50|shadow_spread:0|box_shadow_color:rgba(0%2C0%2C0%2C0.35)\u00bb col_shadow_hover=\u00bbbox_shadow_enable:disable|shadow_horizontal:0|shadow_vertical:15|shadow_blur:50|shadow_spread:0|box_shadow_color:rgba(0%2C0%2C0%2C0.35)\u00bb css=\u00bb.vc_custom_1734311732952{background-color: #000000 !important;}\u00bb][\/vc_column][\/vc_row][vc_row][vc_column][dfd_spacer screen_wide_spacer_size=\u00bb20&#8243; screen_normal_resolution=\u00bb1024&#8243; screen_tablet_resolution=\u00bb800&#8243; screen_mobile_resolution=\u00bb480&#8243;][\/vc_column][\/vc_row][vc_row dfd_row_responsive_enable=\u00bbdfd-row-responsive-enable\u00bb][vc_column width=\u00bb1\/12&#8243; dfd_column_responsive_enable=\u00bbdfd-column-responsive-enable\u00bb col_shadow=\u00bbbox_shadow_enable:disable|shadow_horizontal:0|shadow_vertical:15|shadow_blur:50|shadow_spread:0|box_shadow_color:rgba(0%2C0%2C0%2C0.35)\u00bb col_shadow_hover=\u00bbbox_shadow_enable:disable|shadow_horizontal:0|shadow_vertical:15|shadow_blur:50|shadow_spread:0|box_shadow_color:rgba(0%2C0%2C0%2C0.35)\u00bb offset=\u00bbvc_hidden-md vc_hidden-sm vc_hidden-xs\u00bb responsive_styles=\u00bbmargin_bottom_mobile:20&#8243;][\/vc_column][vc_column width=\u00bb1\/4&#8243; dfd_column_responsive_enable=\u00bbdfd-column-responsive-enable\u00bb col_shadow=\u00bbbox_shadow_enable:disable|shadow_horizontal:0|shadow_vertical:15|shadow_blur:50|shadow_spread:0|box_shadow_color:rgba(0%2C0%2C0%2C0.35)\u00bb col_shadow_hover=\u00bbbox_shadow_enable:disable|shadow_horizontal:0|shadow_vertical:15|shadow_blur:50|shadow_spread:0|box_shadow_color:rgba(0%2C0%2C0%2C0.35)\u00bb responsive_styles=\u00bbmargin_left_desktop:20|margin_left_tablet:20|margin_left_mobile:0&#8243;][dfd_spacer screen_wide_spacer_size=\u00bb50&#8243; screen_normal_resolution=\u00bb1024&#8243; screen_tablet_resolution=\u00bb800&#8243; screen_mobile_resolution=\u00bb480&#8243; screen_mobile_spacer_size=\u00bb0&#8243;][dfd_single_image image_alignment=\u00bbimage-right\u00bb image=\u00bb1135&#8243;][dfd_spacer screen_wide_spacer_size=\u00bb20&#8243; screen_normal_resolution=\u00bb1024&#8243; screen_tablet_resolution=\u00bb800&#8243; screen_mobile_resolution=\u00bb480&#8243;][\/vc_column][vc_column width=\u00bb7\/12&#8243; col_shadow=\u00bbbox_shadow_enable:disable|shadow_horizontal:0|shadow_vertical:15|shadow_blur:50|shadow_spread:0|box_shadow_color:rgba(0%2C0%2C0%2C0.35)\u00bb col_shadow_hover=\u00bbbox_shadow_enable:disable|shadow_horizontal:0|shadow_vertical:15|shadow_blur:50|shadow_spread:0|box_shadow_color:rgba(0%2C0%2C0%2C0.35)\u00bb css=\u00bb.vc_custom_1734317946025{margin-left: 20px !important;}\u00bb][dfd_heading subtitle=\u00bb\u00bb enable_delimiter=\u00bb\u00bb title_font_options=\u00bbtag:h1|font_size:50&#8243; subtitle_font_options=\u00bbtag:div\u00bb title_responsive=\u00bbfont_size_tablet:50|line_height_tablet:35|font_size_mobile:35|line_height_mobile:35&#8243;]PERRO VIEJO[\/dfd_heading][dfd_spacer screen_wide_spacer_size=\u00bb10&#8243; screen_normal_resolution=\u00bb1024&#8243; screen_tablet_resolution=\u00bb800&#8243; screen_mobile_resolution=\u00bb480&#8243;][dfd_heading subtitle=\u00bb\u00bb content_alignment=\u00bbtext-left\u00bb enable_delimiter=\u00bb\u00bb title_font_options=\u00bbtag:div|font_size:20|font_family:AcuminProWideMedium|color:%23000000|line_height:32&#8243; subtitle_font_options=\u00bbtag:div\u00bb title_responsive=\u00bbfont_size_mobile:15|line_height_mobile:22&#8243; el_class=\u00bbpeso500&#8243; tutorials=\u00bb\u00bb]<strong>\/LARGOMETRAJE EN DESARROLLO\/<\/strong><\/p>\n<p><strong>DIRECCI\u00d3N &amp; GUION<\/strong>: Alejandro Cort\u00e9s Calahorra<br \/>\n<strong>PRODUCCI\u00d3N<\/strong>: Batiak Films<\/p>\n<p><strong>SINOPSIS<\/strong>:<br \/>\nThomas, un piloto de rescate alem\u00e1n retirado, intenta suicidarse con su perro entre los acantilados de la isla de La Gomera pero mata por accidente a un ni\u00f1o inmigrante. Samir, el hermano gemelo de la v\u00edctima, aprende de Thomas los secretos de la isla y manipula la realidad a trav\u00e9s de los cuentos de los adultos para superar su dolor y vengar a su familia.<\/p>\n<p>&nbsp;<\/p>\n<p><strong>\/<\/strong><span style=\"font-weight: 400;\">Proyecto seleccionado en importantes residencias y laboratorios, como IsLABentura Canarias, Galacticat Talents, la Residencia de Cine de Extremadura o CIIF Market, donde gan\u00f3 tres premios, el Premio Terrea, el premio MAFIZ y el Premio del Cabildo de Tenerife, que nos ha posibilitado acudir al EFM de Berlinale<strong>\/<\/strong><\/span>[\/dfd_heading][\/vc_column][vc_column width=\u00bb1\/12&#8243; col_shadow=\u00bbbox_shadow_enable:disable|shadow_horizontal:0|shadow_vertical:15|shadow_blur:50|shadow_spread:0|box_shadow_color:rgba(0%2C0%2C0%2C0.35)\u00bb col_shadow_hover=\u00bbbox_shadow_enable:disable|shadow_horizontal:0|shadow_vertical:15|shadow_blur:50|shadow_spread:0|box_shadow_color:rgba(0%2C0%2C0%2C0.35)\u00bb offset=\u00bbvc_hidden-lg vc_hidden-md vc_hidden-sm\u00bb][\/vc_column][\/vc_row][vc_row][vc_column][dfd_spacer screen_wide_spacer_size=\u00bb20&#8243; screen_normal_resolution=\u00bb1024&#8243; screen_tablet_resolution=\u00bb800&#8243; screen_mobile_resolution=\u00bb480&#8243;][\/vc_column][\/vc_row]<\/p>\n<\/div>","protected":false},"excerpt":{"rendered":"<p>[vc_row dfd_row_config=\u00bbfull_width_content\u00bb][vc_column column_bg_check=\u00bbcolumn-background-dark\u00bb col_shadow=\u00bbbox_shadow_enable:disable|shadow_horizontal:0|shadow_vertical:15|shadow_blur:50|shadow_spread:0|box_shadow_color:rgba(0%2C0%2C0%2C0.35)\u00bb col_shadow_hover=\u00bbbox_shadow_enable:disable|shadow_horizontal:0|shadow_vertical:15|shadow_blur:50|shadow_spread:0|box_shadow_color:rgba(0%2C0%2C0%2C0.35)\u00bb col_hover_bg=\u00bb#000000&#8243; css=\u00bb.vc_custom_1734318552444{padding-bottom: 100px !important;background-color: #000000 !important;}\u00bb offset=\u00bbvc_hidden-md vc_hidden-sm vc_hidden-xs\u00bb][\/vc_column][\/vc_row][vc_row css=\u00bb.vc_custom_1734311779484{background-color: #000000 !important;}\u00bb][vc_column width=\u00bb1\/6&#8243; col_shadow=\u00bbbox_shadow_enable:disable|shadow_horizontal:0|shadow_vertical:15|shadow_blur:50|shadow_spread:0|box_shadow_color:rgba(0%2C0%2C0%2C0.35)\u00bb col_shadow_hover=\u00bbbox_shadow_enable:disable|shadow_horizontal:0|shadow_vertical:15|shadow_blur:50|shadow_spread:0|box_shadow_color:rgba(0%2C0%2C0%2C0.35)\u00bb css=\u00bb.vc_custom_1734311725272{background-color: #000000 !important;}\u00bb][\/vc_column][vc_column width=\u00bb2\/3&#8243; col_shadow=\u00bbbox_shadow_enable:disable|shadow_horizontal:0|shadow_vertical:15|shadow_blur:50|shadow_spread:0|box_shadow_color:rgba(0%2C0%2C0%2C0.35)\u00bb col_shadow_hover=\u00bbbox_shadow_enable:disable|shadow_horizontal:0|shadow_vertical:15|shadow_blur:50|shadow_spread:0|box_shadow_color:rgba(0%2C0%2C0%2C0.35)\u00bb][dfd_videoplayer shadow=\u00bbpermanent\u00bb video_link=\u00bb\u00bb main_style=\u00bbstyle-1&#8243;][\/vc_column][vc_column width=\u00bb1\/6&#8243;<\/p>\n","protected":false},"author":1,"featured_media":0,"parent":0,"menu_order":0,"comment_status":"closed","ping_status":"closed","template":"tmp-page.php","meta":{"footnotes":""},"class_list":["post-1299","page","type-page","status-publish","hentry"],"_links":{"self":[{"href":"https:\/\/batiakfilms.com\/index.php\/wp-json\/wp\/v2\/pages\/1299","targetHints":{"allow":["GET"]}}],"collection":[{"href":"https:\/\/batiakfilms.com\/index.php\/wp-json\/wp\/v2\/pages"}],"about":[{"href":"https:\/\/batiakfilms.com\/index.php\/wp-json\/wp\/v2\/types\/page"}],"author":[{"embeddable":true,"href":"https:\/\/batiakfilms.com\/index.php\/wp-json\/wp\/v2\/users\/1"}],"replies":[{"embeddable":true,"href":"https:\/\/batiakfilms.com\/index.php\/wp-json\/wp\/v2\/comments?post=1299"}],"version-history":[{"count":10,"href":"https:\/\/batiakfilms.com\/index.php\/wp-json\/wp\/v2\/pages\/1299\/revisions"}],"predecessor-version":[{"id":1481,"href":"https:\/\/batiakfilms.com\/index.php\/wp-json\/wp\/v2\/pages\/1299\/revisions\/1481"}],"wp:attachment":[{"href":"https:\/\/batiakfilms.com\/index.php\/wp-json\/wp\/v2\/media?parent=1299"}],"curies":[{"name":"wp","href":"https:\/\/api.w.org\/{rel}","templated":true}]}}