{"id":1413,"date":"2025-11-09T16:26:03","date_gmt":"2025-11-09T16:26:03","guid":{"rendered":"https:\/\/batiakfilms.com\/?page_id=1413"},"modified":"2026-04-27T08:03:05","modified_gmt":"2026-04-27T08:03:05","slug":"darshan","status":"publish","type":"page","link":"https:\/\/batiakfilms.com\/index.php\/darshan\/","title":{"rendered":"DARSHAN"},"content":{"rendered":"<div class=\"wpb-content-wrapper\"><p>[vc_row dfd_row_config=\u00bbfull_width_content\u00bb][vc_column column_bg_check=\u00bbcolumn-background-dark\u00bb col_shadow=\u00bbbox_shadow_enable:disable|shadow_horizontal:0|shadow_vertical:15|shadow_blur:50|shadow_spread:0|box_shadow_color:rgba(0%2C0%2C0%2C0.35)\u00bb col_shadow_hover=\u00bbbox_shadow_enable:disable|shadow_horizontal:0|shadow_vertical:15|shadow_blur:50|shadow_spread:0|box_shadow_color:rgba(0%2C0%2C0%2C0.35)\u00bb col_hover_bg=\u00bb#000000&#8243; css=\u00bb.vc_custom_1734318552444{padding-bottom: 100px !important;background-color: #000000 !important;}\u00bb offset=\u00bbvc_hidden-md vc_hidden-sm vc_hidden-xs\u00bb][\/vc_column][\/vc_row][vc_row css=\u00bb.vc_custom_1734311779484{background-color: #000000 !important;}\u00bb][vc_column width=\u00bb1\/6&#8243; col_shadow=\u00bbbox_shadow_enable:disable|shadow_horizontal:0|shadow_vertical:15|shadow_blur:50|shadow_spread:0|box_shadow_color:rgba(0%2C0%2C0%2C0.35)\u00bb col_shadow_hover=\u00bbbox_shadow_enable:disable|shadow_horizontal:0|shadow_vertical:15|shadow_blur:50|shadow_spread:0|box_shadow_color:rgba(0%2C0%2C0%2C0.35)\u00bb css=\u00bb.vc_custom_1734311725272{background-color: #000000 !important;}\u00bb][\/vc_column][vc_column width=\u00bb2\/3&#8243; col_shadow=\u00bbbox_shadow_enable:disable|shadow_horizontal:0|shadow_vertical:15|shadow_blur:50|shadow_spread:0|box_shadow_color:rgba(0%2C0%2C0%2C0.35)\u00bb col_shadow_hover=\u00bbbox_shadow_enable:disable|shadow_horizontal:0|shadow_vertical:15|shadow_blur:50|shadow_spread:0|box_shadow_color:rgba(0%2C0%2C0%2C0.35)\u00bb][dfd_videoplayer shadow=\u00bbpermanent\u00bb video_link=\u00bbhttps:\/\/vimeo.com\/1136694546&#8243; main_style=\u00bbstyle-1&#8243;][\/vc_column][vc_column width=\u00bb1\/6&#8243; col_shadow=\u00bbbox_shadow_enable:disable|shadow_horizontal:0|shadow_vertical:15|shadow_blur:50|shadow_spread:0|box_shadow_color:rgba(0%2C0%2C0%2C0.35)\u00bb col_shadow_hover=\u00bbbox_shadow_enable:disable|shadow_horizontal:0|shadow_vertical:15|shadow_blur:50|shadow_spread:0|box_shadow_color:rgba(0%2C0%2C0%2C0.35)\u00bb css=\u00bb.vc_custom_1734311732952{background-color: #000000 !important;}\u00bb][\/vc_column][\/vc_row][vc_row][vc_column][dfd_spacer screen_wide_spacer_size=\u00bb20&#8243; screen_normal_resolution=\u00bb1024&#8243; screen_tablet_resolution=\u00bb800&#8243; screen_mobile_resolution=\u00bb480&#8243;][\/vc_column][\/vc_row][vc_row dfd_row_responsive_enable=\u00bbdfd-row-responsive-enable\u00bb][vc_column width=\u00bb1\/12&#8243; dfd_column_responsive_enable=\u00bbdfd-column-responsive-enable\u00bb col_shadow=\u00bbbox_shadow_enable:disable|shadow_horizontal:0|shadow_vertical:15|shadow_blur:50|shadow_spread:0|box_shadow_color:rgba(0%2C0%2C0%2C0.35)\u00bb col_shadow_hover=\u00bbbox_shadow_enable:disable|shadow_horizontal:0|shadow_vertical:15|shadow_blur:50|shadow_spread:0|box_shadow_color:rgba(0%2C0%2C0%2C0.35)\u00bb offset=\u00bbvc_hidden-md vc_hidden-sm vc_hidden-xs\u00bb responsive_styles=\u00bbmargin_bottom_mobile:20&#8243;][\/vc_column][vc_column width=\u00bb1\/4&#8243; dfd_column_responsive_enable=\u00bbdfd-column-responsive-enable\u00bb col_shadow=\u00bbbox_shadow_enable:disable|shadow_horizontal:0|shadow_vertical:15|shadow_blur:50|shadow_spread:0|box_shadow_color:rgba(0%2C0%2C0%2C0.35)\u00bb col_shadow_hover=\u00bbbox_shadow_enable:disable|shadow_horizontal:0|shadow_vertical:15|shadow_blur:50|shadow_spread:0|box_shadow_color:rgba(0%2C0%2C0%2C0.35)\u00bb responsive_styles=\u00bbmargin_left_desktop:20|margin_left_tablet:20|margin_left_mobile:0&#8243;][dfd_spacer screen_wide_spacer_size=\u00bb50&#8243; screen_normal_resolution=\u00bb1024&#8243; screen_tablet_resolution=\u00bb800&#8243; screen_mobile_resolution=\u00bb480&#8243; screen_mobile_spacer_size=\u00bb0&#8243;][dfd_single_image image_alignment=\u00bbimage-right\u00bb image=\u00bb1501&#8243;][dfd_spacer screen_wide_spacer_size=\u00bb20&#8243; screen_normal_resolution=\u00bb1024&#8243; screen_tablet_resolution=\u00bb800&#8243; screen_mobile_resolution=\u00bb480&#8243;][\/vc_column][vc_column width=\u00bb7\/12&#8243; col_shadow=\u00bbbox_shadow_enable:disable|shadow_horizontal:0|shadow_vertical:15|shadow_blur:50|shadow_spread:0|box_shadow_color:rgba(0%2C0%2C0%2C0.35)\u00bb col_shadow_hover=\u00bbbox_shadow_enable:disable|shadow_horizontal:0|shadow_vertical:15|shadow_blur:50|shadow_spread:0|box_shadow_color:rgba(0%2C0%2C0%2C0.35)\u00bb css=\u00bb.vc_custom_1734317946025{margin-left: 20px !important;}\u00bb][dfd_heading subtitle=\u00bb\u00bb enable_delimiter=\u00bb\u00bb title_font_options=\u00bbtag:h1|font_size:50&#8243; subtitle_font_options=\u00bbtag:div\u00bb title_responsive=\u00bbfont_size_tablet:50|line_height_tablet:35|font_size_mobile:35|line_height_mobile:35&#8243;]DARSHAN[\/dfd_heading][dfd_spacer screen_wide_spacer_size=\u00bb10&#8243; screen_normal_resolution=\u00bb1024&#8243; screen_tablet_resolution=\u00bb800&#8243; screen_mobile_resolution=\u00bb480&#8243;][dfd_heading subtitle=\u00bb\u00bb content_alignment=\u00bbtext-left\u00bb enable_delimiter=\u00bb\u00bb title_font_options=\u00bbtag:div|font_size:20|font_family:AcuminProWideMedium|color:%23000000|line_height:32&#8243; subtitle_font_options=\u00bbtag:div\u00bb title_responsive=\u00bbfont_size_mobile:15|line_height_mobile:22&#8243; el_class=\u00bbpeso500&#8243; tutorials=\u00bb\u00bb]<strong>DIRECCI\u00d3N<\/strong>: Alberto Allica<br \/>\n<strong>GUION<\/strong>: Alberto Allica &amp; Hitesh Hassani<br \/>\n<strong>PRODUCCI\u00d3N<\/strong>: Jana Llopart, Clara Santaolaya &amp; Nancy Ryan<br \/>\n<strong>DOP<\/strong>: Carmen Pell\u00f3n<br \/>\n<strong>DIRECCI\u00d3N DE ARTE<\/strong>: Daen Alvarado<br \/>\n<strong>DISE\u00d1O DE SONIDO<\/strong>: <span style=\"font-weight: 400;\">Oriol Bonals &amp; Daniel Panayi<\/span><br \/>\n<strong>EDICI\u00d3N<\/strong>: <span style=\"font-weight: 400;\">Andrew J Cross<\/span><span style=\"font-weight: 400;\"><br \/>\n<strong>INT\u00c9RPRETES<\/strong>: Yash Avani, Usha Jadhav, Deepak Hassani, Sasha Mariz, Mohamed Azyane &amp; Hugo Coello<\/span><\/p>\n<p><strong>SINOPSIS<\/strong>:<br \/>\n<span style=\"font-weight: 400;\">Abhinav se siente atrapado por las ceremonias interminables de su invisible comunidad hind\u00fa de Madrid, pero<\/span> <span style=\"font-weight: 400;\">ans\u00eda irse de rave con sus colegas en busca un tipo diferente de \u00e9xtasis. Cuando se anuncia que su dios en forma terrenal, Guruji, bendecir\u00e1 a sus fieles con un darshan la misma noche de la fiesta m\u00e1s importante del a\u00f1o, una serie de sucesos extra\u00f1os presagian la colisi\u00f3n entre sus dos mundos.<\/span><\/p>\n<p>&nbsp;<\/p>\n<p><span style=\"font-weight: 400;\">\/Estreno en Seminci 2025\/ Premio Mejor Cortometraje Castilla y Le\u00f3n en Corto\/<\/span><\/p>\n<p><strong>\/<\/strong>Seleccionado en diversos<span style=\"font-weight: 400;\">\u00a0festivales nacionales e internacionales entre los que destacan <\/span>Pendance Film Festival, Festival CortoGij\u00f3n, donde obtuvo el premio a Mejor Cortometraje del festival o FRAME Film Festival<span style=\"font-weight: 400;\">\u00a0entre muchos otros<\/span><strong>\/<\/strong><\/p>\n<p><strong><img loading=\"lazy\" decoding=\"async\" class=\"alignnone size-large wp-image-1496\" src=\"https:\/\/batiakfilms.com\/wp-content\/uploads\/2025\/11\/seminci-logo-web-1024x161.png\" alt=\"\" width=\"1024\" height=\"161\" srcset=\"https:\/\/batiakfilms.com\/wp-content\/uploads\/2025\/11\/seminci-logo-web-1024x161.png 1024w, https:\/\/batiakfilms.com\/wp-content\/uploads\/2025\/11\/seminci-logo-web-300x47.png 300w, https:\/\/batiakfilms.com\/wp-content\/uploads\/2025\/11\/seminci-logo-web-768x121.png 768w, https:\/\/batiakfilms.com\/wp-content\/uploads\/2025\/11\/seminci-logo-web.png 1417w\" sizes=\"auto, (max-width: 1024px) 100vw, 1024px\" \/><\/strong><\/p>\n<p><strong>\/<\/strong>Distribuci\u00f3n:<span style=\"font-weight: 400;\">\u00a0Selected Films<\/span><strong>\/<\/strong>[\/dfd_heading][\/vc_column][vc_column width=\u00bb1\/12&#8243; col_shadow=\u00bbbox_shadow_enable:disable|shadow_horizontal:0|shadow_vertical:15|shadow_blur:50|shadow_spread:0|box_shadow_color:rgba(0%2C0%2C0%2C0.35)\u00bb col_shadow_hover=\u00bbbox_shadow_enable:disable|shadow_horizontal:0|shadow_vertical:15|shadow_blur:50|shadow_spread:0|box_shadow_color:rgba(0%2C0%2C0%2C0.35)\u00bb offset=\u00bbvc_hidden-lg vc_hidden-md vc_hidden-sm\u00bb][\/vc_column][\/vc_row][vc_row][vc_column][dfd_spacer screen_wide_spacer_size=\u00bb20&#8243; screen_normal_resolution=\u00bb1024&#8243; screen_tablet_resolution=\u00bb800&#8243; screen_mobile_resolution=\u00bb480&#8243;][\/vc_column][\/vc_row]<\/p>\n<\/div>","protected":false},"excerpt":{"rendered":"<p>[vc_row dfd_row_config=\u00bbfull_width_content\u00bb][vc_column column_bg_check=\u00bbcolumn-background-dark\u00bb col_shadow=\u00bbbox_shadow_enable:disable|shadow_horizontal:0|shadow_vertical:15|shadow_blur:50|shadow_spread:0|box_shadow_color:rgba(0%2C0%2C0%2C0.35)\u00bb col_shadow_hover=\u00bbbox_shadow_enable:disable|shadow_horizontal:0|shadow_vertical:15|shadow_blur:50|shadow_spread:0|box_shadow_color:rgba(0%2C0%2C0%2C0.35)\u00bb col_hover_bg=\u00bb#000000&#8243; css=\u00bb.vc_custom_1734318552444{padding-bottom: 100px !important;background-color: #000000 !important;}\u00bb offset=\u00bbvc_hidden-md vc_hidden-sm vc_hidden-xs\u00bb][\/vc_column][\/vc_row][vc_row css=\u00bb.vc_custom_1734311779484{background-color: #000000 !important;}\u00bb][vc_column width=\u00bb1\/6&#8243; col_shadow=\u00bbbox_shadow_enable:disable|shadow_horizontal:0|shadow_vertical:15|shadow_blur:50|shadow_spread:0|box_shadow_color:rgba(0%2C0%2C0%2C0.35)\u00bb col_shadow_hover=\u00bbbox_shadow_enable:disable|shadow_horizontal:0|shadow_vertical:15|shadow_blur:50|shadow_spread:0|box_shadow_color:rgba(0%2C0%2C0%2C0.35)\u00bb css=\u00bb.vc_custom_1734311725272{background-color: #000000 !important;}\u00bb][\/vc_column][vc_column width=\u00bb2\/3&#8243; col_shadow=\u00bbbox_shadow_enable:disable|shadow_horizontal:0|shadow_vertical:15|shadow_blur:50|shadow_spread:0|box_shadow_color:rgba(0%2C0%2C0%2C0.35)\u00bb col_shadow_hover=\u00bbbox_shadow_enable:disable|shadow_horizontal:0|shadow_vertical:15|shadow_blur:50|shadow_spread:0|box_shadow_color:rgba(0%2C0%2C0%2C0.35)\u00bb][dfd_videoplayer shadow=\u00bbpermanent\u00bb video_link=\u00bbhttps:\/\/vimeo.com\/1136694546&#8243; main_style=\u00bbstyle-1&#8243;][\/vc_column][vc_column width=\u00bb1\/6&#8243;<\/p>\n","protected":false},"author":1,"featured_media":0,"parent":0,"menu_order":0,"comment_status":"closed","ping_status":"closed","template":"tmp-page.php","meta":{"footnotes":""},"class_list":["post-1413","page","type-page","status-publish","hentry"],"_links":{"self":[{"href":"https:\/\/batiakfilms.com\/index.php\/wp-json\/wp\/v2\/pages\/1413","targetHints":{"allow":["GET"]}}],"collection":[{"href":"https:\/\/batiakfilms.com\/index.php\/wp-json\/wp\/v2\/pages"}],"about":[{"href":"https:\/\/batiakfilms.com\/index.php\/wp-json\/wp\/v2\/types\/page"}],"author":[{"embeddable":true,"href":"https:\/\/batiakfilms.com\/index.php\/wp-json\/wp\/v2\/users\/1"}],"replies":[{"embeddable":true,"href":"https:\/\/batiakfilms.com\/index.php\/wp-json\/wp\/v2\/comments?post=1413"}],"version-history":[{"count":10,"href":"https:\/\/batiakfilms.com\/index.php\/wp-json\/wp\/v2\/pages\/1413\/revisions"}],"predecessor-version":[{"id":1507,"href":"https:\/\/batiakfilms.com\/index.php\/wp-json\/wp\/v2\/pages\/1413\/revisions\/1507"}],"wp:attachment":[{"href":"https:\/\/batiakfilms.com\/index.php\/wp-json\/wp\/v2\/media?parent=1413"}],"curies":[{"name":"wp","href":"https:\/\/api.w.org\/{rel}","templated":true}]}}