{"id":3,"date":"2021-09-02T12:10:06","date_gmt":"2021-09-02T12:10:06","guid":{"rendered":"https:\/\/batiakfilms.com\/?page_id=3"},"modified":"2021-11-16T16:26:11","modified_gmt":"2021-11-16T16:26:11","slug":"politica-de-privacidad","status":"publish","type":"page","link":"https:\/\/batiakfilms.com\/index.php\/politica-de-privacidad\/","title":{"rendered":"Pol\u00edtica de privacidad"},"content":{"rendered":"&nbsp;\r\n<h4><span style=\"color: #000000;\"><strong>POL\u00cdTICA DE PRIVACIDAD<\/strong><\/span><\/h4>\r\n<span style=\"color: #000000;\"><strong>\u00a0<\/strong><\/span>\r\n\r\n<span style=\"color: #000000;\">La presente Pol\u00edtica de Privacidad forma parte y complementa las condiciones de acceso y uso de la web <a style=\"color: #000000;\" href=\"https:\/\/batiakfilms.com\/\">https:\/\/batiakfilms.com\/<\/a> \u00a0\u00a0titularidad de <strong>BATIAK FILMS, S.L.U<\/strong> y regula el tratamiento de sus datos personales como usuarios.<\/span>\r\n\r\n&nbsp;\r\n\r\n<span style=\"color: #000000;\"><strong>BATIAK FILMS S.L.U<\/strong>, con CIF B04983581, domicilio en C\/ Acera de Recoletos n.11, 1\u00ba izquierda\u2013 47004 Valladolid, ) mantiene un firme compromiso de cumplimiento de la legislaci\u00f3n vigente en materia de tratamiento de datos personales y seguridad de la informaci\u00f3n con el objeto de garantizar que la recogida y tratamiento de los datos facilitados se realiza conforme a la Ley Org\u00e1nica 3\/2018, de 5 de diciembre, de Protecci\u00f3n de Datos Personales (LOPDPGDD) y garant\u00eda de los derechos digitales, el Reglamento (UE) 2016\/679 General de Protecci\u00f3n de Datos (RGPD), y por ello, te informa de los siguientes aspectos:<\/span>\r\n\r\n&nbsp;\r\n\r\n<span style=\"color: #000000;\"><strong>1. RESPONSABLE DE TRATAMIENTO DE DATOS.<\/strong><\/span>\r\n\r\n<span style=\"color: #000000;\">El responsable del tratamiento de tus datos personales es <strong>BATIAK FILMS S.L.U <\/strong>(en adelante, \u00abBATIAK FILMS\u00bb), con CIF B04983581, domicilio en C\/ Acera de Recoletos n.11, 1\u00ba izquierda\u2013 47004 Valladolid, e inscrita en el Registro Mercantil de Valladolid, al Tomo 1597, F 23, Inscripci\u00f3n 2\u00aa con hoja VA-32498, con la cual se puede poner en contacto a trav\u00e9s de <a style=\"color: #000000;\" href=\"mailto:INFO@BATIAKFILMS.COM\">info@batiakfilms.com<\/a>.<\/span>\r\n\r\n&nbsp;\r\n\r\n<span style=\"color: #000000;\"><strong>2. FINALIDAD DE TRATAMIENTO DE DATOS PERSONALES E INFORMACI\u00d3N PERSONAL<\/strong><\/span>\r\n\r\n<span style=\"color: #000000;\">BATIAK FILMS trata tus datos personales y el resto de la informaci\u00f3n facilitada por los distintos usuarios con el fin de gestionar su actividad econ\u00f3mica, las distintas consultas y solicitudes acerca del alcance de sus prestaciones de servicios.<\/span>\r\n\r\n<span style=\"color: #000000;\">A continuaci\u00f3n, se detallan las finalidades de tratamiento de datos que se llevan a cabo:<\/span>\r\n<table width=\"645\">\r\n<tbody>\r\n<tr>\r\n<td width=\"22%\"><span style=\"color: #000000;\"><strong>ACTIVIDAD DE TRATAMIENTO<\/strong><\/span><\/td>\r\n<td width=\"36%\"><span style=\"color: #000000;\"><strong>FINALIDAD DEL TRATAMIENTO<\/strong><\/span><\/td>\r\n<td width=\"41%\"><span style=\"color: #000000;\"><strong>BASE DE LEGITIMACI\u00d3N<\/strong><\/span><\/td>\r\n<\/tr>\r\n<tr>\r\n<td width=\"22%\"><span style=\"color: #000000;\"><em>FORMULARIO DE CONTACTO<\/em><\/span><\/td>\r\n<td width=\"36%\"><span style=\"color: #000000;\">General, gesti\u00f3n de la solicitud de informaci\u00f3n y\/o contacto, Tratamiento de los datos para poder mantener comunicaciones con los interesados\/as<\/span><\/td>\r\n<td width=\"41%\">\n\n<span style=\"color: #000000;\">Relaci\u00f3n contractual<\/span>\r\n\r\n<span style=\"color: #000000;\">Obligaci\u00f3n legal para el\/la responsable<\/span>\r\n\r\n<span style=\"color: #000000;\">Intereses leg\u00edtimos prevalentes del responsable o de terceros<\/span>\r\n\r\n<span style=\"color: #000000;\">Consentimiento expreso del interesado\/a<\/span><\/td>\r\n<\/tr>\r\n<tr>\r\n<td width=\"22%\"><span style=\"color: #000000;\"><em>GENERAL<\/em> \u2013 Organizaci\u00f3n de eventos,\u00a0 actividades y otros fines publicitarios<\/span><\/td>\r\n<td width=\"36%\"><span style=\"color: #000000;\">Gesti\u00f3n y coordinaci\u00f3n de actividades y eventos afines a la actividad de la entidad, control de asistencia y participantes y otros fines publicitarios.<\/span><\/td>\r\n<td width=\"41%\">\n\n<span style=\"color: #000000;\">Relaci\u00f3n contractual<\/span>\r\n\r\n<span style=\"color: #000000;\">Consentimiento expreso del interesado\/a<\/span><\/td>\r\n<\/tr>\r\n<tr>\r\n<td width=\"22%\">\n\n<span style=\"color: #000000;\"><em>TRABAJADORES<\/em> \u2013 Gesti\u00f3n laboral<\/span>\r\n\r\n<span style=\"color: #000000;\">-Prevenci\u00f3n de riegos laborales<\/span><\/td>\r\n<td width=\"36%\"><span style=\"color: #000000;\">Recepci\u00f3n de curr\u00edculums, gesti\u00f3n del personal para formalizaci\u00f3n de un contrato laboral, control de expedientes, gesti\u00f3n de n\u00f3minas, control horario, formaci\u00f3n, plan de pensiones y PRL, entre otros<\/span><\/td>\r\n<td width=\"41%\">\n\n<span style=\"color: #000000;\">Relaci\u00f3n contractual<\/span>\r\n\r\n<span style=\"color: #000000;\">Consentimiento expreso del interesado\/a<\/span>\r\n\r\n<span style=\"color: #000000;\">Cumplimiento obligaci\u00f3n legal<\/span><\/td>\r\n<\/tr>\r\n<tr>\r\n<td width=\"22%\"><span style=\"color: #000000;\"><em>PROVEEDORES<\/em> \u2013 gesti\u00f3n fiscal y contable<\/span><\/td>\r\n<td width=\"36%\"><span style=\"color: #000000;\">Tratamiento necesario para la prestaci\u00f3n de servicios, cumplimiento de las obligaciones de facturaci\u00f3n, fiscales y contables<\/span><\/td>\r\n<td width=\"41%\">\n\n<span style=\"color: #000000;\">Relaci\u00f3n contractual<\/span>\r\n\r\n<span style=\"color: #000000;\">Obligaci\u00f3n legal para el\/la responsable<\/span>\r\n\r\n<span style=\"color: #000000;\">Intereses leg\u00edtimos prevalentes del responsable o de terceros<\/span>\r\n\r\n<span style=\"color: #000000;\">Cumplimiento de una obligaci\u00f3n legal<\/span><\/td>\r\n<\/tr>\r\n<tr>\r\n<td width=\"22%\"><span style=\"color: #000000;\"><em>CLIENTES<\/em><\/span><\/td>\r\n<td width=\"36%\"><span style=\"color: #000000;\">Tratamiento necesario para los actos previos a la contrataci\u00f3n y tratamiento necesario para la prestaci\u00f3n de servicios, cumplimiento de las obligaciones de facturaci\u00f3n, fiscales y contables<\/span><\/td>\r\n<td width=\"41%\">\n\n<span style=\"color: #000000;\">Relaci\u00f3n contractual<\/span>\r\n\r\n<span style=\"color: #000000;\">Obligaci\u00f3n legal para el\/la responsable<\/span>\r\n\r\n<span style=\"color: #000000;\">Intereses leg\u00edtimos prevalentes del responsable o de terceros<\/span>\r\n\r\n<span style=\"color: #000000;\">Consentimiento expreso del interesado\/a<\/span>\r\n\r\n<span style=\"color: #000000;\">Cumplimiento de una obligaci\u00f3n legal<\/span><\/td>\r\n<\/tr>\r\n<tr>\r\n<td width=\"22%\"><span style=\"color: #000000;\"><em>COLABORADORES y OTROS PRESTADORES DE SERVICIOS<\/em><\/span><\/td>\r\n<td width=\"36%\"><span style=\"color: #000000;\">Tratamiento necesario para los actos previos a la contrataci\u00f3n de prestaci\u00f3n de servicios, cumplimiento de las obligaciones de facturaci\u00f3n, fiscales y contables<\/span><\/td>\r\n<td width=\"41%\">\n\n<span style=\"color: #000000;\">Relaci\u00f3n contractual<\/span>\r\n\r\n<span style=\"color: #000000;\">Obligaci\u00f3n legal para el\/la responsable<\/span>\r\n\r\n<span style=\"color: #000000;\">Intereses leg\u00edtimos prevalentes del responsable o de terceros<\/span>\r\n\r\n<span style=\"color: #000000;\">Consentimiento expreso del interesado\/a<\/span>\r\n\r\n<span style=\"color: #000000;\">Cumplimiento de una obligaci\u00f3n legal<\/span><\/td>\r\n<\/tr>\r\n<\/tbody>\r\n<\/table>\r\n&nbsp;\r\n\r\n<span style=\"color: #000000;\"><strong>3. TIEMPO DE CONSERVACI\u00d3N DE DATOS<\/strong><\/span>\r\n\r\n<span style=\"color: #000000;\">Los datos personales que nos facilites se conservar\u00e1n durante los siguientes plazos, en funci\u00f3n de la actividad de tratamiento:<\/span>\r\n<ul>\r\n \t<li><span style=\"color: #000000;\">Formulario de contacto, general y recepci\u00f3n de curr\u00edculums, ser\u00e1n conservados durante 24 meses en tanto no se formalice la correspondiente relaci\u00f3n contractual, momento en el que ser\u00e1n conservados en el plazo previsto en el punto anterior.<\/span><\/li>\r\n \t<li><span style=\"color: #000000;\">Trabajadores, proveedores, clientes, colaboradores y otros prestadores de servicios, durante la duraci\u00f3n de la relaci\u00f3n contractual.<\/span><\/li>\r\n<\/ul>\r\n<span style=\"color: #000000;\">Transcurrido dichos periodos de tiempo, BATIAK FILMS podra\u0301 mantener bloqueados los datos durante el tiempo necesario para que BATIAK FILMS pueda cumplir con sus obligaciones legales.<\/span>\r\n\r\n&nbsp;\r\n\r\n<span style=\"color: #000000;\"><strong>4. DESTINATARIOS DE SUS DATOS<\/strong><\/span>\r\n\r\n<span style=\"color: #000000;\">Tus datos no se comunicar\u00e1n o transferir\u00e1n a terceros, salvo que exista una obligacio\u0301n legal. Cualquier comunicaci\u00f3n o transferencia (distinta al cumplimiento de una obligaci\u00f3n legal) requerir\u00e1 el consentimiento previo, expreso y escrito del titular de los datos.<\/span>\r\n\r\n&nbsp;\r\n\r\n<span style=\"color: #000000;\"><strong>5. DERECHOS DEL TITULAR DE DATOS PERSONALES<\/strong><\/span>\r\n\r\n<span style=\"color: #000000;\">Tienes derecho a obtener confirmaci\u00f3n sobre los tratamientos de sus datos personales que les conciernen, se llevan a cabo por BATIAK FILMS.<\/span>\r\n\r\n<span style=\"color: #000000;\">Como titular de datos personales puedes ejercer los derechos de acceso, rectificacio\u0301n, supresio\u0301n y portabilidad de vuestros datos, de limitacio\u0301n y oposicio\u0301n a su tratamiento, asi\u0301 como a no ser objeto de decisiones basadas u\u0301nicamente en el tratamiento automatizado de tus datos, cuando, procedan, ante BATIAK FILMS en la direcci\u00f3n postal o de correo electr\u00f3nico descritas en el primer apartado, aportando en ambos casos copia de su Documento Nacional de Identidad o equivalente que acredite su identidad.<\/span>\r\n\r\n<span style=\"color: #000000;\">En todo caso, como titular de datos personales tienen derecho a presentar una reclamaci\u00f3n ante la Agencia Espa\u00f1ola de Protecci\u00f3n de Datos (<a style=\"color: #000000;\" href=\"https:\/\/www.agpd.es\/\">https:\/\/www.agpd.es\/<\/a>), especialmente cuando no hayan obtenido satisfacci\u00f3n en el ejercicio de vuestros derechos ante BATIAK FILMS.<\/span>\r\n\r\n&nbsp;\r\n\r\n<span style=\"color: #000000;\"><strong>6. OBTENCI\u00d3N DE DATOS<\/strong><\/span>\r\n\r\n<span style=\"color: #000000;\">Los datos personales que BATIAK FILMS trata son los que los usuarios nos facilitan a trav\u00e9s de nuestra p\u00e1gina web y de su formulario de contacto, y\/o a trav\u00e9s de la formalizaci\u00f3n de una relaci\u00f3n contractual.<\/span>\r\n\r\n<span style=\"color: #000000;\">En particular, las categor\u00edas de datos que tratamos son:<\/span>\r\n<ul>\r\n \t<li><span style=\"color: #000000;\">Datos de identificaci\u00f3n y de contacto: nombre, apellidos, DNI, fecha de nacimiento (para verificar la mayor\u00eda de edad), direcci\u00f3n postal, correo electr\u00f3nico, tel\u00e9fono<\/span><\/li>\r\n \t<li><span style=\"color: #000000;\">Datos acad\u00e9micos\/profesionales, en el caso del env\u00edo de curr\u00edculums<\/span><\/li>\r\n \t<li><span style=\"color: #000000;\">Datos bancarios<\/span><\/li>\r\n<\/ul>\r\n<span style=\"color: #000000;\">No tratamos datos especialmente protegidos.<\/span>\r\n\r\n<span style=\"color: #000000;\"><strong>\u00a0<\/strong><\/span>\r\n\r\n<span style=\"color: #000000;\"><strong>7. MODIFICACI\u00d3N DE LA POL\u00cdTICA DE PRIVACIDAD<\/strong><\/span>\r\n\r\n<span style=\"color: #000000;\">BATIAK FILMS se reserva el derecho de modificar, actualizar o revisar esta Pol\u00edtica de Privacidad por cambios en su web\u00a0o en la normativa de aplicaci\u00f3n.<\/span>\r\n\r\n<span style=\"color: #000000;\">Le comunicaremos cualquier cambio que se produzca en la misma para que vuelvas a otorgar tu consentimiento. En caso de no prestar el consentimiento, los datos personales se suprimir\u00e1n (o bloquear\u00e1n) y no se podr\u00e1 garantizar el cumplimiento de la finalidad para la que fueron prestados.<\/span>\r\n\r\n&nbsp;\r\n\r\n<span style=\"color: #000000;\"><strong>8. ENLACES Y SERVICIOS DE TERCEROS<\/strong><\/span>\r\n\r\n<span style=\"color: #000000;\">Este Sitio Web puede contener enlaces a otros sitios web gestionados por terceros. BATIAK FILMS no controla dichos contenidos, servicios y enlaces a otros sitios web de terceros, y la presente Pol\u00edtica de Privacidad no abarca las pr\u00e1cticas y pol\u00edticas de dichos terceros en relaci\u00f3n con el tratamiento de datos personales realizado por ellos.<\/span>\r\n\r\n<span style=\"color: #000000;\">Por tanto, os recomendamos que le\u00e1is las pol\u00edticas de privacidad de dichos sitios web de terceros antes de navegar por los mismos y facilitarles vuestros datos. BATIAK FILMS no se responsabiliza de los actos o acciones de dichos terceros con relaci\u00f3n al uso de vuestros datos personales ni por cualquier otro concepto.<\/span>\r\n\r\n&nbsp;\r\n\r\n<span style=\"color: #000000;\"><strong>9. POL\u00cdTICA DE COOKIES<\/strong><\/span>\r\n\r\n<span style=\"color: #000000;\">Pod\u00e9is consultar nuestra Pol\u00edtica de Cookies del sitio web, haciendo click <a href=\"https:\/\/batiakfilms.com\/index.php\/politica-de-cookies\/\">aqu\u00ed.<\/a><\/span>\r\n\r\n&nbsp;\r\n\r\n<span style=\"color: #000000;\"><\/span><!-- \/wp:post-content -->","protected":false},"excerpt":{"rendered":"<p>&nbsp; POL\u00cdTICA DE PRIVACIDAD \u00a0 La presente Pol\u00edtica de Privacidad forma parte y complementa las condiciones de acceso y uso de la web https:\/\/batiakfilms.com\/ \u00a0\u00a0titularidad de BATIAK FILMS, S.L.U y<\/p>\n","protected":false},"author":1,"featured_media":0,"parent":0,"menu_order":0,"comment_status":"closed","ping_status":"open","template":"","meta":{"footnotes":""},"class_list":["post-3","page","type-page","status-publish","hentry"],"_links":{"self":[{"href":"https:\/\/batiakfilms.com\/index.php\/wp-json\/wp\/v2\/pages\/3","targetHints":{"allow":["GET"]}}],"collection":[{"href":"https:\/\/batiakfilms.com\/index.php\/wp-json\/wp\/v2\/pages"}],"about":[{"href":"https:\/\/batiakfilms.com\/index.php\/wp-json\/wp\/v2\/types\/page"}],"author":[{"embeddable":true,"href":"https:\/\/batiakfilms.com\/index.php\/wp-json\/wp\/v2\/users\/1"}],"replies":[{"embeddable":true,"href":"https:\/\/batiakfilms.com\/index.php\/wp-json\/wp\/v2\/comments?post=3"}],"version-history":[{"count":11,"href":"https:\/\/batiakfilms.com\/index.php\/wp-json\/wp\/v2\/pages\/3\/revisions"}],"predecessor-version":[{"id":964,"href":"https:\/\/batiakfilms.com\/index.php\/wp-json\/wp\/v2\/pages\/3\/revisions\/964"}],"wp:attachment":[{"href":"https:\/\/batiakfilms.com\/index.php\/wp-json\/wp\/v2\/media?parent=3"}],"curies":[{"name":"wp","href":"https:\/\/api.w.org\/{rel}","templated":true}]}}