{"id":953,"date":"2021-11-16T16:13:01","date_gmt":"2021-11-16T16:13:01","guid":{"rendered":"https:\/\/batiakfilms.com\/?page_id=953"},"modified":"2021-11-16T16:28:44","modified_gmt":"2021-11-16T16:28:44","slug":"politica-de-cookies","status":"publish","type":"page","link":"https:\/\/batiakfilms.com\/index.php\/politica-de-cookies\/","title":{"rendered":"Pol\u00edtica de Cookies"},"content":{"rendered":"<p>&nbsp;<\/p>\n<h4><span style=\"color: #000000;\"><strong>POL\u00cdTICA DE COOKIES<\/strong><\/span><\/h4>\n<p><span style=\"color: #000000;\"><strong>\u00a0<\/strong><\/span><\/p>\n<p><span style=\"color: #000000;\">En cumplimiento con el art\u00edculo 22 de la Ley 34\/2002, de 11 de julio, de servicios de la sociedad de la informaci\u00f3n y de comercio electr\u00f3nico (LSSI), en relaci\u00f3n con el Reglamento (UE) 2016\/679 del Parlamento Europeo y del Consejo, de 27 de abril de 2016, General de Protecci\u00f3n de Datos (RGPD) y la Ley Org\u00e1nica 3\/2018, de 5 de diciembre, de Protecci\u00f3n de Datos y garant\u00eda de los derechos digitales (LOPDGDD), el Titular pone a disposici\u00f3n de los usuarios la Pol\u00edtica de recogida y tratamiento de cookies del sitio Web.<\/span><\/p>\n<p><span style=\"color: #000000;\">Qu\u00e9 son las Cookies<\/span><\/p>\n<p><span style=\"color: #000000;\">Una Cookie es un fichero que se descarga en su ordenador al entrar a determinadas p\u00e1ginas web. Las cookies permiten a una p\u00e1gina web, entre otras cosas, almacenar y recuperar informaci\u00f3n sobre sus h\u00e1bitos de navegaci\u00f3n y dependiendo de la informaci\u00f3n que contengan y de la forma en que utilice su equipo pueden utilizarse para identificarle.<\/span><\/p>\n<p><span style=\"color: #000000;\">Cookies utilizadas en el sitio Web<\/span><\/p>\n<p><span style=\"color: #000000;\">A continuaci\u00f3n se clasifican las cookies utilizadas por el sitio Web <a style=\"color: #000000;\" href=\"http:\/\/www.batiakfilms.com\">http:\/\/www.batiakfilms.com<\/a><\/span><\/p>\n<p><span style=\"color: #000000;\"><strong>\u00a0<\/strong><\/span><\/p>\n<p><span style=\"color: #000000;\"><strong>SEG\u00daN LA ENTIDAD QUE LAS GESTIONA<\/strong><\/span><\/p>\n<ul>\n<li><span style=\"color: #000000;\">Cookies propias: Son aquellas enviadas y gestionadas directamente por el Titular.<\/span><\/li>\n<li><span style=\"color: #000000;\">Cookies de terceros: Son aquellas que se env\u00edan al Usuario desde un dominio ajeno al Titular.<\/span><\/li>\n<\/ul>\n<p><span style=\"color: #000000;\"><strong>\u00a0<\/strong><\/span><\/p>\n<p><span style=\"color: #000000;\"><strong>SEG\u00daN SU FINALIDAD<\/strong><\/span><\/p>\n<ul>\n<li><span style=\"color: #000000;\">Cookies t\u00e9cnicas: Son aquellas que permiten a los usuarios registrados navegar a trav\u00e9s del sitio Web, del \u00e1rea restringida y a utilizar sus diferentes funciones, como por ejemplo, el sistema de comentarios o el buscador.<\/span><\/li>\n<li><span style=\"color: #000000;\">Cookies de personalizaci\u00f3n: Son aquellas que permiten a los usuarios acceder al Servicio con algunas caracter\u00edsticas de car\u00e1cter general predefinidas en funci\u00f3n de una serie de criterios establecidos por el Usuario como, por ejemplo, el idioma o el tipo de navegador a trav\u00e9s del cual se conecta a este sitio Web.<\/span><\/li>\n<li><span style=\"color: #000000;\">Cookies de an\u00e1lisis o medici\u00f3n: Son aquellas que, bien tratadas por el sitio Web o por terceros, permiten cuantificar el n\u00famero de usuarios y as\u00ed realizar la medici\u00f3n y an\u00e1lisis estad\u00edstico de la utilizaci\u00f3n que hacen los usuarios del sitio Web. Para ello se analiza la navegaci\u00f3n que realizas en este sitio Web con el fin de mejorarlo.<\/span><\/li>\n<li><span style=\"color: #000000;\">Cookies de publicidad comportamental: Son aquellas que, bien tratadas por el sitio Web o por terceros, almacenan informaci\u00f3n del comportamiento de los usuarios obtenida a trav\u00e9s de la observaci\u00f3n continuada de sus h\u00e1bitos de navegaci\u00f3n, lo que permite desarrollar un perfil espec\u00edfico para mostrar publicidad en funci\u00f3n del mismo.<\/span><\/li>\n<li><span style=\"color: #000000;\">Cookies sociales: Son establecidas por las plataformas de redes sociales para permitir a los usuarios compartir contenido con sus amigos y redes.<\/span><\/li>\n<li><span style=\"color: #000000;\">Cookies de afiliados: Son aquellas que permiten hacer un seguimiento de las visitas procedentes de otras webs, con las que el Titular tiene un contrato de afiliaci\u00f3n.<\/span><\/li>\n<\/ul>\n<p><span style=\"color: #000000;\"><strong>\u00a0<\/strong><\/span><\/p>\n<p><span style=\"color: #000000;\"><strong>SEG\u00daN SU DURACI\u00d3N<\/strong><\/span><\/p>\n<ul>\n<li><span style=\"color: #000000;\">Cookies de sesi\u00f3n: Son aquellas dise\u00f1adas para recabar y almacenar datos mientras el Usuario accede al sitio Web.<\/span><\/li>\n<li><span style=\"color: #000000;\">Cookies persistentes: Son aquellas en las que los datos siguen almacenados en el terminal del Usuario y pueden ser accedidos y tratados durante un per\u00edodo definido por el responsable de la cookie.<\/span><\/li>\n<\/ul>\n<p>&nbsp;<\/p>\n<p>&nbsp;<\/p>\n<p><span style=\"color: #000000;\">Listado de cookies utilizadas<\/span><\/p>\n<p><span style=\"color: #000000;\">Este sitio Web puede instalar las siguientes cookies:<\/span><\/p>\n<p><span style=\"color: #000000;\"><strong>COOKIES T\u00c9CNICAS<\/strong><\/span><\/p>\n<ul>\n<li><span style=\"color: #000000;\"><strong>wp-settings-{user_id}:<\/strong>Cookie t\u00e9cnica que se usa para mantener la configuraci\u00f3n del Usuario en el escritorio de WordPress (\/wp-admin). Es persistente y tiene una duraci\u00f3n de 1 a\u00f1o.<\/span><\/li>\n<li><span style=\"color: #000000;\"><strong>hasConsent:<\/strong>Cookie t\u00e9cnica que almacena el consentimiento del Usuario. Es persistente y tiene una duraci\u00f3n de 1 a\u00f1o.<\/span><\/li>\n<\/ul>\n<p><span style=\"color: #000000;\"><strong>\u00a0<\/strong><\/span><\/p>\n<p><span style=\"color: #000000;\"><strong>COOKIES DE AN\u00c1LISIS O MEDIACI\u00d3N<\/strong><\/span><\/p>\n<ul>\n<li><span style=\"color: #000000;\"><strong>_fbp:<\/strong>Cookie que mide el rendimiento de la publicidad de Facebook. Es persistente y tiene una duraci\u00f3n de 1 d\u00eda.<\/span><\/li>\n<li><span style=\"color: #000000;\"><strong>fr, sb:<\/strong>Cookies que miden el rendimiento de la publicidad de Facebook. Son cookies persistentes.<\/span><\/li>\n<li><span style=\"color: #000000;\"><strong>Pixel:<\/strong>Cookie que permite ofrecer a los visitantes del sitio Web publicidad personalizada en su plataforma bas\u00e1ndose en los datos relativos a las cabeceras http, el p\u00edxel (ID, cookie Facebook), y registrar y comunicar a Facebook las acciones del Usuario en el sitio Web.<\/span><\/li>\n<li><span style=\"color: #000000;\"><strong>_ga:<\/strong>Cookie Anal\u00edtica que habilita la funci\u00f3n de control de visitas \u00fanicas. Es persistente y tiene una duraci\u00f3n de 2 a\u00f1os.<\/span><\/li>\n<li><span style=\"color: #000000;\"><strong>_gat:<\/strong>Cookie Anal\u00edtica para limitar el n\u00famero de solicitudes. Su \u00e1mbito es la sesi\u00f3n y tiene una duraci\u00f3n de 1 minuto.<\/span><\/li>\n<li><span style=\"color: #000000;\"><strong>_gid:<\/strong>Cookie Anal\u00edtica para distinguir usuarios. Su \u00e1mbito es la sesi\u00f3n y tiene una duraci\u00f3n de 24 horas.<\/span><\/li>\n<\/ul>\n<p>&nbsp;<\/p>\n<p><span style=\"color: #000000;\">Informaci\u00f3n adicional:<\/span><\/p>\n<ul>\n<li><span style=\"color: #000000;\">Obt\u00e9n m\u00e1s informaci\u00f3n sobre el uso de las cookies por parte de Facebook en la p\u00e1gina de\u00a0\u00a0<a style=\"color: #000000;\" href=\"https:\/\/www.facebook.com\/policies\/cookies\/\">Pol\u00edtica de Cookies de Facebook<\/a><\/span><\/li>\n<li><span style=\"color: #000000;\">Google Analytics puede instalar otras cookies seg\u00fan el documento Uso de las cookies de Google Analytics en sitios web que puede consultar\u00a0\u00a0<a style=\"color: #000000;\" href=\"https:\/\/developers.google.com\/analytics\/devguides\/collection\/analyticsjs\/cookie-usage?hl=es\">en este enlace<\/a>.<\/span><\/li>\n<li><span style=\"color: #000000;\">Para dejar de recibir publicidad personalizada de Google puede inhabilitar la personalizaci\u00f3n de anuncios mediante la configuraci\u00f3n de anuncios de Google cuyas instrucciones puede consultar\u00a0\u00a0<a style=\"color: #000000;\" href=\"https:\/\/www.google.es\/settings\/ads\">en este enlace<\/a>.<\/span><\/li>\n<\/ul>\n<p><span style=\"color: #000000;\"><strong>\u00a0<\/strong><\/span><\/p>\n<p><span style=\"color: #000000;\"><strong>COOKIES SOCIALES<\/strong><\/span><\/p>\n<ul>\n<li><span style=\"color: #000000;\">El sitio Web incluye otras funcionalidades proporcionadas por servicios de terceros y redes sociales para mejorar la experiencia de los visitantes. Puede compartir el contenido en sus redes sociales como Facebook, Twitter, Instagram, Vimeo o YouTube con los botones incluidos a tal efecto o con las herramientas para compartir propias de las redes sociales. Como resultado, estos servicios pueden instalar cookies y utilizarlas para rastrear su actividad online. El Titular no tiene control directo sobre la informaci\u00f3n recopilada por estas cookies.<\/span><\/li>\n<li><\/li>\n<\/ul>\n<p><span style=\"color: #000000;\"><strong>COOKIES DE AFILIACI\u00d3N<\/strong><\/span><\/p>\n<ul>\n<li><span style=\"color: #000000;\">El Titular participa en el Programa de Afiliados de Amazon EU. Amazon y otros anunciantes pueden instalar cookies en su equipo que sirven para obtener informaci\u00f3n, ofrecerle anuncios, mostrar contenido basado en sus intereses o para hacer un seguimiento de su navegaci\u00f3n, guardando la informaci\u00f3n de afiliado por si realiza una compra en las siguientes 24 horas.<\/span><\/li>\n<\/ul>\n<p><span style=\"color: #000000;\">Encontrar\u00e1 m\u00e1s informaci\u00f3n en:<\/span><\/p>\n<ul>\n<li><span style=\"color: #000000;\"><a style=\"color: #000000;\" href=\"https:\/\/afiliados.amazon.es\/\">Programa de afiliados de Amazon.<\/a><\/span><\/li>\n<li><span style=\"color: #000000;\"><a style=\"color: #000000;\" href=\"https:\/\/www.amazon.es\/gp\/help\/customer\/display.html\/?nodeId=201909150\">Aviso sobre publicidad basada en los intereses del usuario.<\/a><\/span><\/li>\n<\/ul>\n<p>&nbsp;<\/p>\n<p><span style=\"color: #000000;\">El sitio Web puede instalar otras cookies:<\/span><\/p>\n<p><span style=\"color: #000000;\">wordpress_test_cookie<\/span><br \/>\n<span style=\"color: #000000;\">tk_ai<\/span><br \/>\n<span style=\"color: #000000;\">woocommerce_items_in_cart<\/span><br \/>\n<span style=\"color: #000000;\">__stripe_mid<\/span><br \/>\n<span style=\"color: #000000;\">__stripe_sid<\/span><br \/>\n<span style=\"color: #000000;\">woocommerce_cart_hash<\/span><br \/>\n<span style=\"color: #000000;\">wp-settings-*<\/span><\/p>\n<p><span style=\"color: #000000;\">Aceptaci\u00f3n o rechazo de la instalaci\u00f3n de cookies<\/span><\/p>\n<p><span style=\"color: #000000;\">El Titular muestra informaci\u00f3n sobre su Pol\u00edtica de cookies en el men\u00fa del pie de p\u00e1gina y en el banner de cookies accesible en todas las p\u00e1ginas del Sitio Web. El banner de cookies muestra informaci\u00f3n esencial sobre el tratamiento de datos y permite al Usuario realizar las siguientes acciones:<\/span><\/p>\n<ul>\n<li><span style=\"color: #000000;\">Aceptar o rechazar la instalaci\u00f3n de cookies, o retirar el consentimiento previamente otorgado.<\/span><\/li>\n<li><span style=\"color: #000000;\">Cambiar las preferencias de cookies desde la p\u00e1gina Personalizar Cookies, a la que puede acceder desde el Aviso de Cookies o desde la p\u00e1gina de\u00a0<a style=\"color: #000000;\" href=\"https:\/\/angelfernandezdiaz.com\/personalizar-cookies\/\">Personalizar Cookies<\/a>.<\/span><\/li>\n<li><span style=\"color: #000000;\">Obtener informaci\u00f3n adicional en la p\u00e1gina de\u00a0\u00a0<a style=\"color: #000000;\" href=\"https:\/\/angelfernandezdiaz.com\/politica-de-cookies\/\">Pol\u00edtica de Cookies<\/a>.<\/span><\/li>\n<\/ul>\n<p>&nbsp;<\/p>\n<p><strong><span style=\"color: #000000;\">ELIMINACI\u00d3N DE COOKIES<\/span><\/strong><\/p>\n<p><span style=\"color: #000000;\">Puede aceptar, bloquear o eliminar las cookies instaladas en su equipo mediante la configuraci\u00f3n de las opciones del navegador, pero tenga en cuenta que parte del sitio no funcionar\u00e1 correctamente o que algunas de sus funcionalidades no estar\u00e1n disponibles o tendr\u00e1n errores.<\/span><\/p>\n<p><span style=\"color: #000000;\">En los siguientes enlaces encontrar\u00e1 instrucciones para habilitar o deshabilitar las cookies en los navegadores m\u00e1s comunes.<\/span><\/p>\n<ul>\n<li><span style=\"color: #000000;\"><a style=\"color: #000000;\" href=\"http:\/\/support.mozilla.org\/es\/kb\/habilitar-y-deshabilitar-cookies-que-los-sitios-we\">Firefox<\/a><\/span><\/li>\n<li><span style=\"color: #000000;\"><a style=\"color: #000000;\" href=\"https:\/\/support.google.com\/chrome\/answer\/95647?hl=es\">Google Chrome<\/a><\/span><\/li>\n<li><span style=\"color: #000000;\"><a style=\"color: #000000;\" href=\"https:\/\/support.microsoft.com\/es-es\/help\/17442\/windows-internet-explorer-delete-manage-cookies#ie=&quot;ie-10\">Internet Explorer<\/a><\/span><\/li>\n<li><span style=\"color: #000000;\"><a style=\"color: #000000;\" href=\"https:\/\/support.microsoft.com\/es-es\/help\/4468242\/microsoft-edge-browsing-data-and-privacy\">Microsoft Edge<\/a><\/span><\/li>\n<li><span style=\"color: #000000;\"><a style=\"color: #000000;\" href=\"http:\/\/support.apple.com\/kb\/HT1677?viewlocale=es_ES\">Safari<\/a><\/span><\/li>\n<\/ul>\n<p>&nbsp;<\/p>\n<p><strong><span style=\"color: #000000;\">TRATAMIENTO DE DATOS PERSONALES<\/span><\/strong><\/p>\n<p><span style=\"color: #000000;\">El Titular es el Responsable del tratamiento de los datos personales del usuario. Puede consultar toda la informaci\u00f3n relativa al tratamiento de datos personales que recoge el Titular en la p\u00e1gina de la\u00a0\u00a0<a style=\"color: #000000;\" href=\"https:\/\/angelfernandezdiaz.com\/politica-privacidad\/\">Pol\u00edtica de Privacidad<\/a>.<\/span><\/p>\n<p>&nbsp;<\/p>\n<p><strong><span style=\"color: #000000;\">CONTACTO<\/span><\/strong><\/p>\n<p><span style=\"color: #000000;\">En caso de que tenga cualquier duda acerca de esta Pol\u00edtica de Cookies o quiera realizar cualquier comentario sobre este sitio Web, puede enviar un mensaje a la direcci\u00f3n de correo electr\u00f3nico: info@batiakfilms.com<\/span><\/p>\n","protected":false},"excerpt":{"rendered":"<p>&nbsp; POL\u00cdTICA DE COOKIES \u00a0 En cumplimiento con el art\u00edculo 22 de la Ley 34\/2002, de 11 de julio, de servicios de la sociedad de la informaci\u00f3n y de comercio<\/p>\n","protected":false},"author":3,"featured_media":0,"parent":0,"menu_order":0,"comment_status":"closed","ping_status":"closed","template":"","meta":{"footnotes":""},"class_list":["post-953","page","type-page","status-publish","hentry"],"_links":{"self":[{"href":"https:\/\/batiakfilms.com\/index.php\/wp-json\/wp\/v2\/pages\/953","targetHints":{"allow":["GET"]}}],"collection":[{"href":"https:\/\/batiakfilms.com\/index.php\/wp-json\/wp\/v2\/pages"}],"about":[{"href":"https:\/\/batiakfilms.com\/index.php\/wp-json\/wp\/v2\/types\/page"}],"author":[{"embeddable":true,"href":"https:\/\/batiakfilms.com\/index.php\/wp-json\/wp\/v2\/users\/3"}],"replies":[{"embeddable":true,"href":"https:\/\/batiakfilms.com\/index.php\/wp-json\/wp\/v2\/comments?post=953"}],"version-history":[{"count":8,"href":"https:\/\/batiakfilms.com\/index.php\/wp-json\/wp\/v2\/pages\/953\/revisions"}],"predecessor-version":[{"id":955,"href":"https:\/\/batiakfilms.com\/index.php\/wp-json\/wp\/v2\/pages\/953\/revisions\/955"}],"wp:attachment":[{"href":"https:\/\/batiakfilms.com\/index.php\/wp-json\/wp\/v2\/media?parent=953"}],"curies":[{"name":"wp","href":"https:\/\/api.w.org\/{rel}","templated":true}]}}