{"id":962,"date":"2021-11-16T16:24:10","date_gmt":"2021-11-16T16:24:10","guid":{"rendered":"https:\/\/batiakfilms.com\/?page_id=962"},"modified":"2021-11-16T16:26:54","modified_gmt":"2021-11-16T16:26:54","slug":"aviso-legal","status":"publish","type":"page","link":"https:\/\/batiakfilms.com\/index.php\/aviso-legal\/","title":{"rendered":"Aviso legal"},"content":{"rendered":"<p>&nbsp;<\/p>\n<h4><span style=\"color: #000000;\"><strong>AVISO LEGAL<\/strong><\/span><\/h4>\n<p><span style=\"color: #000000;\"><strong>\u00a0<\/strong><\/span><\/p>\n<p>Las presentes Condiciones Generales tienen por objeto regular las condiciones de uso de los\u00a0Sitios Web \u201chttps:\/\/ <a href=\"https:\/\/batiakfilms.com\/\">https:\/\/batiakfilms.com\/<\/a> \u00a0\u00a0(en adelante, \u201cla web\u201d), cuyo titular es <strong>BATIAK FILMS S.L.U<\/strong>, con CIF B04983581, domicilio en C\/ Acera de Recoletos n.11, 1\u00ba izquierda\u2013 47004 Valladolid, e inscrita en el Registro Mercantil de Valladolid, al Tomo 1597, F 23, Inscripci\u00f3n 2\u00aa con hoja VA-32498, con la cual se puede poner en contacto a trav\u00e9s de <a href=\"mailto:INFO@BATIAKFILMS.COM\">info@batiakfilms.com<\/a>.<\/p>\n<p>&nbsp;<\/p>\n<p>&nbsp;<\/p>\n<p><strong>1. CONDICIONES DE ACCESO<\/strong><\/p>\n<p>&nbsp;<\/p>\n<p>La finalidad de esta web es facilitar informaci\u00f3n sobre nuestra oferta de productos y servicios. Su utilizaci\u00f3n supone la aceptaci\u00f3n plena por el Usuario de estas condiciones, por lo que si no est\u00e1 de acuerdo con el contenido de las mismas deber\u00e1 abstenerse de hacer uso de la web, as\u00ed como de los servicios ofrecidos en ella. <strong>BATIAK FILMS S.L.U<\/strong> se reserva el derecho a efectuar las modificaciones que estime oportunas, pudiendo modificar, suprimir o incluir, sin previo aviso, nuevos contenidos y\/o servicios, as\u00ed como la forma en que \u00e9stos aparezcan presentados y localizados y las condiciones de uso de la web.<\/p>\n<p>&nbsp;<\/p>\n<p>El Usuario acepta que el acceso y uso de la web y de los contenidos incluidos en la misma tiene lugar libre y conscientemente, bajo su exclusiva responsabilidad, y en consecuencia se compromete a:<\/p>\n<p>&nbsp;<\/p>\n<ul>\n<li>No utilizar la web para la realizaci\u00f3n de actividades contrarias a la ley, a la moral, al orden p\u00fablico, en general, y hacer un uso l\u00edcito y honrado conforme a las presentes Condiciones Generales, as\u00ed como abstenerse de realizar cualquier acto que pudiera da\u00f1ar, inutilizar, sobrecargar o deteriorar la web y\/o impedir el normal uso y utilizaci\u00f3n por parte del resto de Usuarios.<\/li>\n<\/ul>\n<p>&nbsp;<\/p>\n<ul>\n<li>No manipular o alterar cualquier contenido de la web sin el consentimiento previo, expreso y por escrito de su titular. Cualquier alteraci\u00f3n, modificaci\u00f3n o manipulaci\u00f3n sin el consentimiento de su titular, exime a su \u00e9ste de responsabilidad alguna.<\/li>\n<\/ul>\n<p>&nbsp;<\/p>\n<ul>\n<li>No reproducir, copiar, distribuir, comunicar p\u00fablicamente, transformar o modificar los contenidos, a menos que se cuente con la preceptiva autorizaci\u00f3n del titular de los correspondientes derechos o ello resulte legalmente permitido; as\u00ed como suprimir, eludir o manipular el Copyright y dem\u00e1s datos identificativos de los derechos de BATIAK FILMS, S.L.U o de sus titulares incorporados a los contenidos, as\u00ed como los dispositivos t\u00e9cnicos de protecci\u00f3n, o cualesquiera mecanismos de informaci\u00f3n que pudieren contener los\u00a0rese\u00f1ados contenidos.<\/li>\n<\/ul>\n<p>&nbsp;<\/p>\n<ul>\n<li>No introducir o difundir en la web programas de datos (virus o cualquier tipo de software de car\u00e1cter nocivo) susceptibles de provocar da\u00f1os en la web.<\/li>\n<\/ul>\n<p>&nbsp;<\/p>\n<p>BATIAK FILMS, S.L no puede garantizar la disponibilidad y continuidad de la web ni se hace responsable de cualesquiera da\u00f1os y perjuicios puedan producirse, ni de los defectos t\u00e9cnicos, incluidos virus u otros elementos lesivos, cualquiera que sea la naturaleza, derivados del uso de la informaci\u00f3n y de las materias contenidas en la web.<\/p>\n<p>&nbsp;<\/p>\n<p><strong>2. RESPONSABILIDADES<\/strong><\/p>\n<p><strong>\u00a0<\/strong><\/p>\n<p>El Usuario responder\u00e1 de los da\u00f1os y perjuicios de toda naturaleza que <strong>BATIAK FILMS S.L.U <\/strong>o cualquier tercero pueda sufrir como consecuencia del incumplimiento de cualquiera de las obligaciones a las que queda sometido por las presentes Condiciones Generales.\u00a0<strong>BATIAK FILMS S.L.U<\/strong> no asume ninguna responsabilidad ni realiza ning\u00fan control sobre los posibles hiperv\u00ednculos o enlaces que contenga la web a contenidos externos a la misma; no obstante, retirar\u00e1 aquellos enlaces que incluyan contenidos il\u00edcitos tan pronto como pueda conocerlo.<\/p>\n<p>&nbsp;<\/p>\n<p><strong>3. PROPIEDAD INTELECTUAL E INDUSTRIAL<\/strong><\/p>\n<p>&nbsp;<\/p>\n<p>El Usuario reconoce que todos los contenidos de la web y, en concreto, de toda la informaci\u00f3n y obras rese\u00f1adas, la estructura, selecci\u00f3n, ordenaci\u00f3n y prestaci\u00f3n de sus contenidos, programas y desarrollo de aplicaciones utilizados en relaci\u00f3n con ellos, est\u00e1n protegidos por derechos de propiedad intelectual e industrial propiedad del titular de la web o, en su caso, de terceros.<\/p>\n<p>&nbsp;<\/p>\n<p>En ning\u00fan caso el acceso a los mismos o su utilizaci\u00f3n por parte del Usuario implicar\u00e1 ning\u00fan tipo de renuncia, transmisi\u00f3n o cesi\u00f3n total ni parcial de dichos derechos, ni confiere ning\u00fan derecho de utilizaci\u00f3n, alteraci\u00f3n, explotaci\u00f3n, reproducci\u00f3n, distribuci\u00f3n o comunicaci\u00f3n p\u00fablica sobre dichos contenidos sin la previa y expresa autorizaci\u00f3n espec\u00edficamente otorgada a tal efecto por parte de <strong>BATIAK FILMS S.L.U<\/strong>. o del tercero titular de los derechos afectados.<\/p>\n<p>&nbsp;<\/p>\n<p><strong>BATIAK FILMS S.L.U<\/strong>. es titular de los elementos que integran el dise\u00f1o gr\u00e1fico de su web, los men\u00fas, botones de navegaci\u00f3n, el c\u00f3digo, los textos, im\u00e1genes, texturas, gr\u00e1ficos y cualquier otro contenido de la p\u00e1gina web o, en otros casos, dispone de la correspondiente autorizaci\u00f3n para la utilizaci\u00f3n de dichos elementos. Todas las marcas, nombres comerciales, signos distintivos y t\u00edtulos de obras cinematogr\u00e1ficas y\/o de cualquier contenido audiovisual mostrados en esta p\u00e1gina son propiedad de <strong>BATIAK FILMS S.L.U<\/strong> y\/o de terceras empresas.<\/p>\n<p>&nbsp;<\/p>\n<p>Se proh\u00edbe usarlos o descargarlos permanentemente, copiarlos o distribuirlos por cualquier medio sin el preceptivo, previo y expreso consentimiento de su titular. En el caso de que cualquier Usuario o un tercero consideren que cualquiera de los contenidos ha sido introducido en la web con violaci\u00f3n de sus derechos de propiedad intelectual o industrial deber\u00e1 enviar una notificaci\u00f3n a <strong>BATIAK FILMS S.L.U<\/strong> identific\u00e1ndose a s\u00ed mismo y al titular de los derechos de propiedad intelectual o industrial supuestamente infringidos, aportando t\u00edtulo o acreditaci\u00f3n de la representaci\u00f3n de los mencionados derechos<\/p>\n<p>&nbsp;<\/p>\n<p><strong>4. PROTECCI\u00d3N DE DATOS<\/strong><\/p>\n<p>&nbsp;<\/p>\n<p>Para m\u00e1s informaci\u00f3n por favor visite nuestra\u00a0<a href=\"https:\/\/batiakfilms.com\/index.php\/politica-de-privacidad\/\">pol\u00edtica de privacidad<\/a>.<\/p>\n<p>&nbsp;<\/p>\n<p><strong>\u00a0<\/strong><\/p>\n<p><strong>5. CONFIDENCIALIDAD<\/strong><\/p>\n<p><strong>\u00a0<\/strong><\/p>\n<p>Toda informaci\u00f3n que cualquiera de las partes comunique o facilite a la otra o a la que tengan acceso cualquiera de ellas, ser\u00e1 considerada confidencial y no podr\u00e1 ser divulgada, mostrada, reproducida, copiada, discutida con terceros, ni empleada por ninguna de las partes para fines ajenos a los que motivaron su comunicaci\u00f3n.<\/p>\n<p>&nbsp;<\/p>\n<p>&nbsp;<\/p>\n<p><strong>6. LEGISLACI\u00d3N APLICABLE Y JURISDICCI\u00d3N<\/strong><\/p>\n<p>&nbsp;<\/p>\n<p>Las presentes Condiciones Generales se regir\u00e1n por lo dispuesto en la legislaci\u00f3n\u00a0espa\u00f1ola. Para cuantas cuestiones pudieran suscitarse entre las partes en relaci\u00f3n con la interpretaci\u00f3n y ejecuci\u00f3n del presente documento, ambas partes acuerdan de forma expresa y con renuncia de cualquier otro fuero que pudiera corresponderles, a la jurisdicci\u00f3n de los Juzgados y Tribunales de Valladolid.<\/p>\n<p>&nbsp;<\/p>\n","protected":false},"excerpt":{"rendered":"<p>&nbsp; AVISO LEGAL \u00a0 Las presentes Condiciones Generales tienen por objeto regular las condiciones de uso de los\u00a0Sitios Web \u201chttps:\/\/ https:\/\/batiakfilms.com\/ \u00a0\u00a0(en adelante, \u201cla web\u201d), cuyo titular es BATIAK FILMS<\/p>\n","protected":false},"author":3,"featured_media":0,"parent":0,"menu_order":0,"comment_status":"closed","ping_status":"closed","template":"","meta":{"footnotes":""},"class_list":["post-962","page","type-page","status-publish","hentry"],"_links":{"self":[{"href":"https:\/\/batiakfilms.com\/index.php\/wp-json\/wp\/v2\/pages\/962","targetHints":{"allow":["GET"]}}],"collection":[{"href":"https:\/\/batiakfilms.com\/index.php\/wp-json\/wp\/v2\/pages"}],"about":[{"href":"https:\/\/batiakfilms.com\/index.php\/wp-json\/wp\/v2\/types\/page"}],"author":[{"embeddable":true,"href":"https:\/\/batiakfilms.com\/index.php\/wp-json\/wp\/v2\/users\/3"}],"replies":[{"embeddable":true,"href":"https:\/\/batiakfilms.com\/index.php\/wp-json\/wp\/v2\/comments?post=962"}],"version-history":[{"count":3,"href":"https:\/\/batiakfilms.com\/index.php\/wp-json\/wp\/v2\/pages\/962\/revisions"}],"predecessor-version":[{"id":966,"href":"https:\/\/batiakfilms.com\/index.php\/wp-json\/wp\/v2\/pages\/962\/revisions\/966"}],"wp:attachment":[{"href":"https:\/\/batiakfilms.com\/index.php\/wp-json\/wp\/v2\/media?parent=962"}],"curies":[{"name":"wp","href":"https:\/\/api.w.org\/{rel}","templated":true}]}}